{"id":2750,"date":"2025-03-25T20:44:57","date_gmt":"2025-03-25T19:44:57","guid":{"rendered":"https:\/\/minostar.com\/warum-wir\/"},"modified":"2026-02-06T10:55:24","modified_gmt":"2026-02-06T09:55:24","slug":"warum-wir","status":"publish","type":"page","link":"https:\/\/minostar.com\/de\/warum-wir\/","title":{"rendered":"Warum wir?"},"content":{"rendered":"","protected":false},"excerpt":{"rendered":"","protected":false},"author":1,"featured_media":0,"parent":0,"menu_order":0,"comment_status":"closed","ping_status":"closed","template":"page-builder.php","meta":{"_acf_changed":false,"footnotes":""},"class_list":["post-2750","page","type-page","status-publish","hentry"],"acf":[],"yoast_head":"<!-- This site is optimized with the Yoast SEO plugin v25.9 - https:\/\/yoast.com\/wordpress\/plugins\/seo\/ -->\n<title>Warum Wir? | Minostar<\/title>\n<meta name=\"description\" content=\"Zuverl\u00e4ssiger Partner im Bergbau \u27a2 Ma\u00dfgeschneiderte L\u00f6sungen \u27a2 Vertrauen Sie auf Erfahrung und Qualit\u00e4t!\" \/>\n<meta name=\"robots\" content=\"index, follow, max-snippet:-1, max-image-preview:large, max-video-preview:-1\" \/>\n<link rel=\"canonical\" href=\"https:\/\/minostar.com\/de\/warum-wir\/\" \/>\n<meta property=\"og:locale\" content=\"de_DE\" \/>\n<meta property=\"og:type\" content=\"article\" \/>\n<meta property=\"og:title\" content=\"Warum Wir? | Minostar\" \/>\n<meta property=\"og:description\" content=\"Zuverl\u00e4ssiger Partner im Bergbau \u27a2 Ma\u00dfgeschneiderte L\u00f6sungen \u27a2 Vertrauen Sie auf Erfahrung und Qualit\u00e4t!\" \/>\n<meta property=\"og:url\" content=\"https:\/\/minostar.com\/de\/warum-wir\/\" \/>\n<meta property=\"og:site_name\" content=\"Minostar\" \/>\n<meta property=\"article:modified_time\" content=\"2026-02-06T09:55:24+00:00\" \/>\n<meta name=\"twitter:card\" content=\"summary_large_image\" \/>\n<script type=\"application\/ld+json\" class=\"yoast-schema-graph\">{\"@context\":\"https:\/\/schema.org\",\"@graph\":[{\"@type\":\"WebPage\",\"@id\":\"https:\/\/minostar.com\/de\/warum-wir\/\",\"url\":\"https:\/\/minostar.com\/de\/warum-wir\/\",\"name\":\"Warum Wir? | Minostar\",\"isPartOf\":{\"@id\":\"https:\/\/minostar.com\/de\/#website\"},\"datePublished\":\"2025-03-25T19:44:57+00:00\",\"dateModified\":\"2026-02-06T09:55:24+00:00\",\"description\":\"Zuverl\u00e4ssiger Partner im Bergbau \u27a2 Ma\u00dfgeschneiderte L\u00f6sungen \u27a2 Vertrauen Sie auf Erfahrung und Qualit\u00e4t!\",\"breadcrumb\":{\"@id\":\"https:\/\/minostar.com\/de\/warum-wir\/#breadcrumb\"},\"inLanguage\":\"de\",\"potentialAction\":[{\"@type\":\"ReadAction\",\"target\":[\"https:\/\/minostar.com\/de\/warum-wir\/\"]}]},{\"@type\":\"BreadcrumbList\",\"@id\":\"https:\/\/minostar.com\/de\/warum-wir\/#breadcrumb\",\"itemListElement\":[{\"@type\":\"ListItem\",\"position\":1,\"name\":\"Startseite\",\"item\":\"https:\/\/minostar.com\/de\/\"},{\"@type\":\"ListItem\",\"position\":2,\"name\":\"Warum wir?\"}]},{\"@type\":\"WebSite\",\"@id\":\"https:\/\/minostar.com\/de\/#website\",\"url\":\"https:\/\/minostar.com\/de\/\",\"name\":\"Minostar\",\"description\":\"Minostar \u2013 Tw\u00f3j partner w zakresie rozwi\u0105za\u0144 wydobywczych\",\"inLanguage\":\"de\"}]}<\/script>\n<!-- \/ Yoast SEO plugin. -->","yoast_head_json":{"title":"Warum Wir? | Minostar","description":"Zuverl\u00e4ssiger Partner im Bergbau \u27a2 Ma\u00dfgeschneiderte L\u00f6sungen \u27a2 Vertrauen Sie auf Erfahrung und Qualit\u00e4t!","robots":{"index":"index","follow":"follow","max-snippet":"max-snippet:-1","max-image-preview":"max-image-preview:large","max-video-preview":"max-video-preview:-1"},"canonical":"https:\/\/minostar.com\/de\/warum-wir\/","og_locale":"de_DE","og_type":"article","og_title":"Warum Wir? | Minostar","og_description":"Zuverl\u00e4ssiger Partner im Bergbau \u27a2 Ma\u00dfgeschneiderte L\u00f6sungen \u27a2 Vertrauen Sie auf Erfahrung und Qualit\u00e4t!","og_url":"https:\/\/minostar.com\/de\/warum-wir\/","og_site_name":"Minostar","article_modified_time":"2026-02-06T09:55:24+00:00","twitter_card":"summary_large_image","schema":{"@context":"https:\/\/schema.org","@graph":[{"@type":"WebPage","@id":"https:\/\/minostar.com\/de\/warum-wir\/","url":"https:\/\/minostar.com\/de\/warum-wir\/","name":"Warum Wir? | Minostar","isPartOf":{"@id":"https:\/\/minostar.com\/de\/#website"},"datePublished":"2025-03-25T19:44:57+00:00","dateModified":"2026-02-06T09:55:24+00:00","description":"Zuverl\u00e4ssiger Partner im Bergbau \u27a2 Ma\u00dfgeschneiderte L\u00f6sungen \u27a2 Vertrauen Sie auf Erfahrung und Qualit\u00e4t!","breadcrumb":{"@id":"https:\/\/minostar.com\/de\/warum-wir\/#breadcrumb"},"inLanguage":"de","potentialAction":[{"@type":"ReadAction","target":["https:\/\/minostar.com\/de\/warum-wir\/"]}]},{"@type":"BreadcrumbList","@id":"https:\/\/minostar.com\/de\/warum-wir\/#breadcrumb","itemListElement":[{"@type":"ListItem","position":1,"name":"Startseite","item":"https:\/\/minostar.com\/de\/"},{"@type":"ListItem","position":2,"name":"Warum wir?"}]},{"@type":"WebSite","@id":"https:\/\/minostar.com\/de\/#website","url":"https:\/\/minostar.com\/de\/","name":"Minostar","description":"Minostar \u2013 Tw\u00f3j partner w zakresie rozwi\u0105za\u0144 wydobywczych","inLanguage":"de"}]}},"_links":{"self":[{"href":"https:\/\/minostar.com\/de\/wp-json\/wp\/v2\/pages\/2750","targetHints":{"allow":["GET"]}}],"collection":[{"href":"https:\/\/minostar.com\/de\/wp-json\/wp\/v2\/pages"}],"about":[{"href":"https:\/\/minostar.com\/de\/wp-json\/wp\/v2\/types\/page"}],"author":[{"embeddable":true,"href":"https:\/\/minostar.com\/de\/wp-json\/wp\/v2\/users\/1"}],"replies":[{"embeddable":true,"href":"https:\/\/minostar.com\/de\/wp-json\/wp\/v2\/comments?post=2750"}],"version-history":[{"count":2,"href":"https:\/\/minostar.com\/de\/wp-json\/wp\/v2\/pages\/2750\/revisions"}],"predecessor-version":[{"id":3778,"href":"https:\/\/minostar.com\/de\/wp-json\/wp\/v2\/pages\/2750\/revisions\/3778"}],"wp:attachment":[{"href":"https:\/\/minostar.com\/de\/wp-json\/wp\/v2\/media?parent=2750"}],"curies":[{"name":"wp","href":"https:\/\/api.w.org\/{rel}","templated":true}]}}