{"id":3052,"date":"2025-02-22T08:23:57","date_gmt":"2025-02-22T07:23:57","guid":{"rendered":"https:\/\/minostar.com\/datenschutzerklaerung\/"},"modified":"2025-05-01T14:26:21","modified_gmt":"2025-05-01T12:26:21","slug":"datenschutzerklaerung","status":"publish","type":"page","link":"https:\/\/minostar.com\/de\/datenschutzerklaerung\/","title":{"rendered":"Datenschutzerkl\u00e4rung"},"content":{"rendered":"<h2><strong>\u00a7 1 Allgemeine Bestimmungen<\/strong><\/h2>\n<ol>\n<li>Der Datenverantwortliche ist MINOSTAR Mining Solutions Sp. z o.o., mit Sitz in: 41-403 Che\u0142m \u015al\u0105ski, ul. Pod\u0142u\u017ce 1A, USt-IdNr.: 6463006166 und KRS-Nr.: 1053103. MINOSTAR Mining Solutions Sp. z o.o. kann entweder postalisch unter der im Vorsatz genannten Adresse oder per E-Mail: biuromms@minostar.com.pl kontaktiert werden.<\/li>\n<li>MINOSTAR Mining Solutions Sp. z o.o. hat einen Datenschutzbeauftragten ernannt, der unter der folgenden Telefonnummer: 506192345 oder E-Mail-Adresse: leszek.latko1@interia.pl erreichbar ist.<\/li>\n<li>Diese Datenschutzrichtlinie ist ein wesentlicher Bestandteil der Allgemeinen Gesch\u00e4ftsbedingungen. Indem Sie die von uns angebotenen Dienstleistungen in Anspruch nehmen, stellen Sie uns Ihre personenbezogenen Daten bereit. Diese Richtlinien dienen lediglich als Hilfe zum Verst\u00e4ndnis, welche Informationen und Daten und zu welchem Zweck erfasst, gespeichert und verarbeitet werden. Diese Daten sind f\u00fcr uns sehr wichtig, daher bitten wir Sie, diese Richtlinien sorgf\u00e4ltig zu lesen, da sie die Grunds\u00e4tze der Verarbeitung und des Schutzes personenbezogener Daten bestimmen. Diese Richtlinien bestimmten auch die Regeln f\u00fcr die Verwendung von \u201eCookies\u201c.<\/li>\n<li>Wir weisen darauf hin, dass wir alle Grunds\u00e4tze f\u00fcr den Datenschutz sowie alle sonstigen gesetzlichen Bestimmungen nach dem polnischen Datenschutzgesetzt, sowie nach einschl\u00e4gigen Vorgaben der Verordnung (EU) 2016\/679 des Europ\u00e4ischen Parlaments und des Rates vom 27. April 2016 zum Schutz nat\u00fcrlicher Personen bei der Verarbeitung personenbezogener Daten, zum freien Datenverkehr und zur Aufhebung der Richtlinie 95\/46\/EG befolgen und erf\u00fcllen.<\/li>\n<li>Auf Anfrage der durch die Datenverarbeitung betroffenen Person, geben wir umfassende Auskunft dar\u00fcber, wie wir die personenbezogenen Daten verarbeiten. Wir bem\u00fchen uns stets darum, zu informieren, welche Daten wir erfassen, wie wir diese verarbeiten, zu welchen Zwecken und an wen wir sie \u00fcbertragen, welchen Schutz wir f\u00fcr diese Daten bei der \u00dcbertragung an andere Verarbeiter gew\u00e4hrleisten und welche Stellen Sie kontaktieren k\u00f6nnen, wenn Sie Bedenken und\/oder Fragen diesbez\u00fcglich haben.<\/li>\n<\/ol>\n<h2><strong>\u00a7 2 Ihre Privatsph\u00e4re<\/strong><\/h2>\n<ol>\n<li>Wir respektieren Ihre Privatsph\u00e4re. Wir m\u00f6chten, dass die Nutzung unserer Dienste komfortabel ist.<\/li>\n<li>F\u00fcr uns ist Ihr Vertrauen grundlegend, wenn Sie uns Ihre personenbezogenen Daten anvertrauen, damit wir unsere Dienste erbringen k\u00f6nnen. Wir verwenden die personenbezogenen Daten stets aufrichtig und so, dass Ihr Vertrauen nicht entt\u00e4uscht wird, und nur im Umfang, der zur Erbringung unserer Dienste absolut unerl\u00e4sslich ist.<\/li>\n<li>Als Nutzer steht Ihnen das Recht zu, vollst\u00e4ndig und klar dar\u00fcber informiert zu werden, wie wir Ihre personenbezogenen Daten verarbeiten und f\u00fcr welche Zwecke. Wir informieren stets eindeutig dar\u00fcber, welche Daten wir sammeln, wie und an wen wir sie \u00fcbertragen, sowie auch \u00fcber die Stellen, die bei Bedenken diesbez\u00fcglich zust\u00e4ndig sind.<\/li>\n<li>Bei Bedenken hinsichtlich der Verarbeitung Ihrer personenbezogenen Daten, werden wir umgehend Schritte vornehmen, um sie zu kl\u00e4ren und auszur\u00e4umen. Wir beantworten alle damit zusammenh\u00e4ngenden Fragen ausf\u00fchrlich.<\/li>\n<li>Wir werden alle angemessenen Ma\u00dfnahmen ergreifen, um Ihre Daten vor unsachgem\u00e4\u00dfer und unkontrollierter Verarbeitung zu sch\u00fctzen.<\/li>\n<li>Die Rechtsgrundlage f\u00fcr die Verarbeitung Ihrer personenbezogenen Daten ist: Art. 6 Abs. 1 Buchstabe a). Die durch die Datenverarbeitung betroffene Person muss die Verarbeitung ihrer personenbezogenen Daten f\u00fcr einen oder mehrere bestimmte Zwecke einwilligen.\n<ol>\n<li>Gem\u00e4\u00df Art. 6 Abs. 1 Buchstabe b) ist die Verarbeitung der Daten f\u00fcr die Erf\u00fcllung des Vertrags, dessen Vertragspartei die betroffene Person ist, oder f\u00fcr Ma\u00dfnahmen unerl\u00e4sslich, die auf Antrag der betroffenen Person noch vor Abschluss eines Vertrags getroffen werden.<\/li>\n<li>Gem\u00e4\u00df Art. 6 Abs. 1 Buchstabe c) ist die Verarbeitung zur Erf\u00fcllung einer rechtlichen Verpflichtung durch den Datenverantwortlichen unerl\u00e4sslich.<\/li>\n<li>Gem\u00e4\u00df Art. 6 Abs. 1 Buchstabe d) ist die Verarbeitung unerl\u00e4sslich, um lebenswichtige Interessen der betroffenen Person oder einer anderen nat\u00fcrlichen Person zu sch\u00fctzen.<\/li>\n<li>Gem\u00e4\u00df Art. 6 Abs. 1 Buchstabe f) ist die Verarbeitung zur Wahrung der berechtigten Interessen des f\u00fcr die Verarbeitung Verantwortlichen oder eines Dritten unerl\u00e4sslich.<\/li>\n<\/ol>\n<\/li>\n<li>Ihre personenbezogenen Daten im Zusammenhang mit dem Abschluss und der Erf\u00fcllung eines Vertrags werden f\u00fcr die Dauer des Vertrags aber nicht l\u00e4nger als gesetzlich vorgeschrieben, einschlie\u00dflich der Bestimmungen des B\u00fcrgerlichen Gesetzbuchs und des Rechnungslegungsgesetzes, d. h. nicht l\u00e4nger als 10 Jahre, gerechnet ab dem Ende des Kalenderjahres, in dem der letzte Vertrag erf\u00fcllt wurde, verarbeitet.<\/li>\n<li>Ihre personenbezogenen Daten, die f\u00fcr den Abschluss und die Erf\u00fcllung k\u00fcnftiger Vertr\u00e4ge verarbeitet werden, werden solange verarbeitet, bis Sie Widerspruch einlegen.<\/li>\n<li>Sie haben folgende Rechte: Recht auf den Zugriff auf Ihre personenbezogenen Daten und auf die Einholung einer Kopie der von uns verarbeiteten personenbezogenen Daten, auf die Berichtigung Ihrer Daten, Recht auf die L\u00f6schung Ihrer Daten (Vergessenwerden) nach Art. 17 der DSGVO, das Recht auf die Einschr\u00e4nkung der Datenverarbeitung nach Art. 18 der DSGVO, auf einen Einspruch gegen die Datenverarbeitung nach Art. 21 der DSGVO, und auf die \u00dcbertragung der \u00fcbermittelten, mit automatisierten Mitteln verarbeiteten Daten.<\/li>\n<li>Wenn Sie behaupten, dass Ihre personenbezogenen Daten unrechtm\u00e4\u00dfig verarbeitet werden, k\u00f6nnen Sie eine Beschwerde bei der zust\u00e4ndigen Aufsichtsbeh\u00f6rde (Amt f\u00fcr den Datenschutz, ul. Stawki 2, Warszawa) einlegen. Wenn Sie weitere Informationen zum Datenschutz ben\u00f6tigen oder Ihre Rechte wahrnehmen m\u00f6chten, wenden Sie sich bitte postalisch an unsere Postanschrift.<\/li>\n<li>Wir befolgen alle geltenden Datenschutzgesetze und Bestimmungen und kooperieren mit den Datenschutzbeh\u00f6rden und den zust\u00e4ndigen Ermittlungs- und Justizbeh\u00f6rden. Wenn in einem bestimmten Fall die datenschutzrechtlichen Bestimmungen fehlen, reagieren wir nach den allgemein anerkannten Datenschutzbestimmungen, Regeln des gesellschaftlichen Miteinanders sowie den allgemein anerkannten Regeln.<\/li>\n<li>Bei Fragen nehmen Sie bitte mit uns \u00fcber die zu dieser Datenschutzrichtlinie weitergeleitenden Seite Kontakt auf. Ihre Kontaktaufnahme wird unverz\u00fcglich an die zust\u00e4ndige Person weitergeleitet.<\/li>\n<li>Um uns die Beantwortung der Frage zu erleichtern, geben Sie bitte Ihren Vor- und Nachnamen an.<\/li>\n<\/ol>\n<h2><strong>\u00a7 3 Umfang und Zweck der Erhebung personenbezogener Daten<\/strong><\/h2>\n<ol>\n<li>Wir verarbeiten die notwendigen personenbezogenen Daten, um unsere Dienstleistungen zu erbringen und zu Abrechnungszwecken sowie ausschlie\u00dflich zu solchen Zwecken.<\/li>\n<li>Wir erheben, verarbeiten und speichern die folgenden personenbezogenen Daten unserer Nutzer:\n<ol>\n<li>den Vor- und Nachnamen,<\/li>\n<li>die E-Mail-Adresse,<\/li>\n<li>die Telefonnummer (Handy, Festnetz),<\/li>\n<li>Angaben zum genutzten Internet-Browser,<\/li>\n<li>sonstige freiwillig zur Verf\u00fcgung bereitgestellte personenbezogene Daten.<\/li>\n<\/ol>\n<\/li>\n<li>Die Bereitstellung der oben genannten Daten ist v\u00f6llig freiwillig, aber zur Erbringung unserer Dienstleistungen unerl\u00e4sslich.<\/li>\n<li>Wir k\u00f6nnen Ihre personenbezogenen Daten an Server au\u00dferhalb Ihres Wohnsitzes, oder an verbundene Unternehmen, Dritte mit Sitz im Ausland, einschlie\u00dflich der L\u00e4nder des EWR (Europ\u00e4ischer Wirtschaftsraum, EWR &#8211; Freihandelszone und gemeinsamer Markt, bestehend aus den L\u00e4ndern der Europ\u00e4ischen Union und der Europ\u00e4ischen Freihandelsassoziation EFTA) zum Zweck der Verarbeitung personenbezogener Daten durch diese Stellen in unserem Auftrag gem\u00e4\u00df den Bestimmungen dieser Datenschutzrichtlinie und den geltenden Gesetzen, Grunds\u00e4tzen und Datenschutzbestimmungen \u00fcbermitteln.<\/li>\n<li>Die Stellen und die Auftragnehmer, die f\u00fcr den Betrieb unserer Website notwendige Dienste erbringen, d. h.:\n<ol>\n<li>die Hosting-Provider, die im Auftrag von Administrator Hosting- oder verwandte Dienste erf\u00fcllen,<\/li>\n<li>die IT-Service- und Supportunternehmen, die Wartungsarbeiten durchf\u00fchren oder f\u00fcr die Wartung der IT-Infrastruktur zust\u00e4ndig sind,<\/li>\n<li>weitere Unternehmen, die Waren an die Nutzer liefern (Post-\/Kurierdienste im Falle eines Kaufvorgangs auf der Website) k\u00f6nnen auf Ihre personenbezogenen Daten bei Bedarf zugreifen.<\/li>\n<\/ol>\n<\/li>\n<\/ol>\n<h2><strong>\u00a7 4 Cookies-Dateien<\/strong><\/h2>\n<ol>\n<li>Wir verwenden Cookies oder \u00e4hnliche Technologien (im Folgenden zusammenfassend \u201eCookies\u201d genannt), worunter bestimmte EDV-Daten, insbesondere Textdateien, zu verstehen sind, die f\u00fcr die Nutzung der Website bestimmt sind und auf den Endger\u00e4ten der Nutzer gespeichert werden, um die individuellen Vorlieben der Nutzer zu ermitteln, sowie f\u00fcr die Erstellung allgemeiner Statistiken \u00fcber die Nutzung der Website durch die Nutzer. Die mit Hilfe von Cookies erhobenen Daten werden nur zum Zweck der Ausf\u00fchrung bestimmter Funktionen zugunsten der Nutzer erhoben und so verschl\u00fcsselt, dass Unbefugte keinen Zugriff darauf haben.<\/li>\n<li>\u00a0Wir verwenden folgende Typen von Cookies auf unserer Website:\n<ul>\n<li><strong>Interne Cookies<\/strong>: Dateien, die vom Kommunikationssystem der Website auf dem Ger\u00e4t des Nutzers gespeichert und gelesen werden.<\/li>\n<li><strong>Externe Cookies<\/strong>: Dateien, die von den Kommunikationssystemen der externen Website-Provider auf dem Ger\u00e4t des Nutzers gespeichert und gelesen werden. Die Scripts externer Websites, die Cookies auf dem Ger\u00e4t des Nutzers speichern k\u00f6nnen, wurden bewusst auf der Website durch die auf der Website zur Verf\u00fcgung gestellten und installierten Scripts und Dienste installiert.<\/li>\n<li><strong>Session-Cookies<\/strong>: Dateien, die von der Website w\u00e4hrend einer einzigen Session auf dem betroffenen Ger\u00e4t des Nutzers gespeichert und gelesen werden. Nach Ablauf der Session werden diese Dateien vom Ger\u00e4t des Nutzers gel\u00f6scht.<\/li>\n<li><strong>Dauerhafte Cookies<\/strong>: Dateien, die auf dem Ger\u00e4t des Nutzers durch die Website gespeichert werden, solange sie nicht manuell gel\u00f6scht werden. Die Dateien werden nach der Beendigung der Session nicht automatisch gel\u00f6scht, es sei denn, dass das Endger\u00e4t des Nutzers so eingestellt ist, dass die Cookies nach der Beendigung der Session automatisch gel\u00f6scht werden.<\/li>\n<\/ul>\n<\/li>\n<li>Im Rahmen unserer Website werden folgende Arten von Cookies verwendet, die f\u00fcr die Erbringung von Diensten unerl\u00e4sslich sind: Notwendige Cookies, um die Nutzung der auf der Website verf\u00fcgbaren Dienste zu erm\u00f6glichen, insbesondere Authentifizierungs-Cookies f\u00fcr Dienste, f\u00fcr die eine Authentifizierung notwendig ist;\n<ul>\n<li>Cookies zur Sicherstellung der Sicherheit, die z. B. zur Erkennung von Betrug und Missbrauch bei der Authentifizierung dienen;<\/li>\n<li>\u201ePerformance\u201c-Cookies, die es uns erm\u00f6glichen, Informationen \u00fcber die Art und Weise, wie unsere Webseite genutzt wird, zu sammeln;<\/li>\n<li>Funktions-Cookies, die es uns erm\u00f6glichen, sich die vom Nutzer gew\u00e4hlten Einstellungen zu merken und die Benutzeroberfl\u00e4che zu personalisieren;<\/li>\n<li>Werbe-Cookies, die die Bereitstellung von Werbeinhalten erm\u00f6glichen, die den Interessen des Nutzers besser entsprechen.<\/li>\n<\/ul>\n<\/li>\n<li>Die Webbrowser-Software (Webbrowser) l\u00e4sst in der Regel standardm\u00e4\u00dfig zu, dass die Cookie-Dateien auf dem Endger\u00e4t gespeichert werden. Der unsere Website besuchende Nutzer kann seine Cookie-Einstellungen auf eigene Hand und jederzeit \u00e4ndern und die Bedingungen f\u00fcr die Speicherung von Cookies und f\u00fcr den Zugriff auf Cookies auf seinem Ger\u00e4t bestimmen. Die \u00c4nderungen nach dem Vorsatz k\u00f6nnen \u00fcber die Einstellungen des Internetbrowsers vom Nutzer vorgenommen werden. Diese Einstellungen k\u00f6nnen insbesondere dahingehend ge\u00e4ndert werden, dass die automatische Verarbeitung von Cookies in den Browsereinstellungen gesperrt wird oder dass der Nutzer dar\u00fcber informiert wird, wenn die Cookies auf dem Ger\u00e4t gespeichert werden. Die ausf\u00fchrlichen Informationen \u00fcber die Optionen und Einstellungen von Cookies finden sich in den Einstellungen der Software (Webbrowser).<\/li>\n<li>Die Nutzung der Website, ohne die Anpassung der Cookie-Einstellungen, ist mit der Einwilligung der Speicherung von Cookies gleichzusetzen. Der Kunde kann seine Zustimmung jederzeit widerrufen, indem er die Cookie-Einstellungen entsprechend \u00e4ndert. Hinweise zu den Cookie-Einstellungen in den h\u00e4ufigsten Webbrowsern findet man hier:\n<ul>\n<li><a href=\"https:\/\/support.google.com\/accounts\/answer\/61416?co=GENIE.Platform%3DDesktop&amp;hl=pl\" rel=\"nofollow\">Chrome<\/a><\/li>\n<li><a href=\"https:\/\/help.opera.com\/pl\/latest\/web-preferences\/\" rel=\"nofollow\">Opera<\/a><\/li>\n<li><a href=\"https:\/\/support.mozilla.org\/pl\/kb\/blokowanie-ciasteczek\" rel=\"nofollow\">Mozilla Firefox<\/a><\/li>\n<li><a href=\"https:\/\/support.microsoft.com\/pl-pl\/help\/4027947\/microsoft-edge-delete-cookies\" rel=\"nofollow\">Edge<\/a><\/li>\n<li><a href=\"https:\/\/support.apple.com\/pl-pl\/guide\/safari\/sfri11471\/mac\" rel=\"nofollow\">Safari<\/a><\/li>\n<li><a href=\"https:\/\/windows.microsoft.com\/pl-pl\/internet-explorer\/delete-manage-cookies#ie=ie-11\" rel=\"nofollow\">Internet Explorer 11<\/a><\/li>\n<\/ul>\n<\/li>\n<\/ol>\n<h2><strong>\u00a7 5 Plug-ins f\u00fcr soziale Medien<\/strong><\/h2>\n<ol>\n<li>Sogenannte Plug-ins f\u00fcr soziale Medien k\u00f6nnen sich auf unserer Website befinden.\n<ul>\n<li>Facebook wird von der Facebook Inc., 1601 S. California Ave, Palo Alto, CA 94304, USA Facebook betrieben. Mehr zu Facebook-Plugins: <a href=\"https:\/\/developers.facebook.com\/docs\/plugins\" rel=\"nofollow\">https:\/\/developers.facebook.com\/docs\/plugins<\/a>.<\/li>\n<\/ul>\n<\/li>\n<li>Das Plug-in teilt seinem Provider lediglich mit, welche unserer Websites der Nutzer zu welchem Zeitpunkt aufgerufen hat. Wenn der Nutzer beim Besuch unserer Website bei seinem Facebook- oder Twitter-Konto eingeloggt ist, kann der Anbieter seine Interessen, Vorlieben und andere Daten, die der Nutzer z. B. durch das Anklicken des Like-Buttons oder das Hinterlassen eines Kommentars oder die Eingabe seines Profilnamens bei der Suche erhalten haben, miteinander kombinieren. Solche Angaben werden \u00fcber den Browser auch direkt an den Anbieter \u00fcbermittelt.<\/li>\n<li>Um zu vermeiden, dass der Besuch das Plug-in der sozialen Medien auf unserer Website erkannt und aktiviert wird, muss der Nutzer sich vor dem Besuch unserer Website von Ihrem Konto bei sozialen Medien abmelden.<\/li>\n<\/ol>\n<h2><strong>\u00a7 6 Rechte und Pflichten<\/strong><\/h2>\n<ol>\n<li>Wir haben das Recht und in den gesetzlich vorgeschriebenen F\u00e4llen die Pflicht, einige ausgew\u00e4hlte oder alle Informationen \u00fcber Ihre personenbezogenen Daten an Beh\u00f6rden oder Dritte weiterzugeben, die ein solches Auskunftsersuchen nach geltendem polnischen Rechtsvorschriften stellen.<\/li>\n<li>Der Nutzer hat Recht auf:\n<ol>\n<li><strong>Zugriff auf seine personenbezogenen Daten<\/strong><\/li>\n<\/ol>\n<\/li>\n<\/ol>\n<p>Der Nutzer hat das Recht, auf Antrag den Zugriff auf seine personenbezogenen Daten zu erhalten.<\/p>\n<ol>\n<li><strong>Berichtigung personenbezogener Daten<\/strong><\/li>\n<\/ol>\n<p>Der Nutzer hat das Recht, vom Verwalter die unverz\u00fcgliche Berichtigung nicht wahrheitsgem\u00e4\u00dfer personenbezogener Daten und\/oder die Vervollst\u00e4ndigung unvollst\u00e4ndiger personenbezogener Daten zu fordern, was auf Antrag beim Verwalter geschieht.<\/p>\n<ol>\n<li><strong>L\u00f6schung personenbezogener Daten<\/strong><\/li>\n<\/ol>\n<p>Der Nutzer hat das Recht, vom Verwalter die unverz\u00fcgliche L\u00f6schung seiner personenbezogenen Daten zu verlangen, die auf Antrag an den Verwalter geschieht. Im Falle von Nutzerkonten besteht die L\u00f6schung der Daten in der Anonymisierung der Daten, die die Identifizierung des Nutzers erm\u00f6glichen. Der Verantwortliche beh\u00e4lt sich das Recht vor, die Erf\u00fcllung eines Antrags auf L\u00f6schung von Daten einzustellen, um seine berechtigten Interessen zu sch\u00fctzen (z. B. bei einem Versto\u00df des Nutzers gegen die Nutzungsbedingungen oder wenn die Daten im Ergebnis von gef\u00fchrter Korrespondenz gesammelt wurden). Im Fall des Newsletter-Dienstes hat der Nutzer die M\u00f6glichkeit, seine personenbezogenen Daten selbst zu l\u00f6schen, indem er den in jeder versandten E-Mail enthaltenen Link aktiviert.<\/p>\n<ol>\n<li><strong>Einschr\u00e4nkung der Verarbeitung personenbezogener Daten<\/strong><\/li>\n<\/ol>\n<p>Der Nutzer hat das Recht, die Verarbeitung personenbezogener Daten nach Art. 18 der DSGVO einzuschr\u00e4nken, z. B. die Richtigkeit personenbezogener Daten in Frage zu stellen, und zwar auf Antrag an den f\u00fcr die Verarbeitung Verantwortlichen.<\/p>\n<ol>\n<li><strong>\u00dcbertragung der personenbezogenen Daten<\/strong><\/li>\n<\/ol>\n<p>Der Nutzer hat das Recht, vom Verwalter die ihn betreffenden personenbezogenen Daten in einem strukturierten, allgemein gebr\u00e4uchlichen und maschinenlesbaren Format zu erhalten, und zwar auf Anfrage beim Verantwortlichen.<\/p>\n<ol>\n<li><strong>Einlegung des Widerspruchs<\/strong> gegen die Verarbeitung personenbezogener Daten. Der Nutzer hat das Recht, nach Art. 21 der DSGVO Widerspruch gegen die Verarbeitung seiner personenbezogenen Daten einzulegen, der auf Antrag an den f\u00fcr die Verarbeitung Verantwortlichen eintritt.<\/li>\n<li><strong>Einlegung der Beschwerde<\/strong><\/li>\n<\/ol>\n<p>Sie haben auch das Recht, eine Beschwerde bei der Aufsichtsbeh\u00f6rde f\u00fcr den Datenschutz einzulegen.<\/p>\n","protected":false},"excerpt":{"rendered":"<p>\u00a7 1 Allgemeine Bestimmungen Der Datenverantwortliche ist MINOSTAR Mining Solutions Sp. z o.o., mit Sitz in: 41-403 Che\u0142m \u015al\u0105ski, ul. Pod\u0142u\u017ce 1A, USt-IdNr.: 6463006166 und KRS-Nr.: 1053103. MINOSTAR Mining Solutions Sp. z o.o. kann entweder postalisch unter der im Vorsatz genannten Adresse oder per E-Mail: biuromms@minostar.com.pl kontaktiert werden. MINOSTAR Mining Solutions Sp. z o.o. hat [&hellip;]<\/p>\n","protected":false},"author":1,"featured_media":0,"parent":0,"menu_order":0,"comment_status":"closed","ping_status":"closed","template":"","meta":{"_acf_changed":false,"footnotes":""},"class_list":["post-3052","page","type-page","status-publish","hentry"],"acf":[],"yoast_head":"<!-- This site is optimized with the Yoast SEO plugin v25.9 - https:\/\/yoast.com\/wordpress\/plugins\/seo\/ -->\n<title>Datenschutzerkl\u00e4rung | Minostar<\/title>\n<meta name=\"description\" content=\"Datenschutzerkl\u00e4rung \u27a2 Minostar ist Ihr verl\u00e4sslicher Partner f\u00fcr L\u00f6sungen im Bergbau \u27a2 Jetzt informieren!\" \/>\n<meta name=\"robots\" content=\"index, follow, max-snippet:-1, max-image-preview:large, max-video-preview:-1\" \/>\n<link rel=\"canonical\" href=\"https:\/\/minostar.com\/de\/datenschutzerklaerung\/\" \/>\n<meta property=\"og:locale\" content=\"de_DE\" \/>\n<meta property=\"og:type\" content=\"article\" \/>\n<meta property=\"og:title\" content=\"Datenschutzerkl\u00e4rung | Minostar\" \/>\n<meta property=\"og:description\" content=\"Datenschutzerkl\u00e4rung \u27a2 Minostar ist Ihr verl\u00e4sslicher Partner f\u00fcr L\u00f6sungen im Bergbau \u27a2 Jetzt informieren!\" \/>\n<meta property=\"og:url\" content=\"https:\/\/minostar.com\/de\/datenschutzerklaerung\/\" \/>\n<meta property=\"og:site_name\" content=\"Minostar\" \/>\n<meta property=\"article:modified_time\" content=\"2025-05-01T12:26:21+00:00\" \/>\n<meta name=\"twitter:card\" content=\"summary_large_image\" \/>\n<meta name=\"twitter:label1\" content=\"Gesch\u00e4tzte Lesezeit\" \/>\n\t<meta name=\"twitter:data1\" content=\"13\u00a0Minuten\" \/>\n<script type=\"application\/ld+json\" class=\"yoast-schema-graph\">{\"@context\":\"https:\/\/schema.org\",\"@graph\":[{\"@type\":\"WebPage\",\"@id\":\"https:\/\/minostar.com\/de\/datenschutzerklaerung\/\",\"url\":\"https:\/\/minostar.com\/de\/datenschutzerklaerung\/\",\"name\":\"Datenschutzerkl\u00e4rung | Minostar\",\"isPartOf\":{\"@id\":\"https:\/\/minostar.com\/de\/#website\"},\"datePublished\":\"2025-02-22T07:23:57+00:00\",\"dateModified\":\"2025-05-01T12:26:21+00:00\",\"description\":\"Datenschutzerkl\u00e4rung \u27a2 Minostar ist Ihr verl\u00e4sslicher Partner f\u00fcr L\u00f6sungen im Bergbau \u27a2 Jetzt informieren!\",\"breadcrumb\":{\"@id\":\"https:\/\/minostar.com\/de\/datenschutzerklaerung\/#breadcrumb\"},\"inLanguage\":\"de\",\"potentialAction\":[{\"@type\":\"ReadAction\",\"target\":[\"https:\/\/minostar.com\/de\/datenschutzerklaerung\/\"]}]},{\"@type\":\"BreadcrumbList\",\"@id\":\"https:\/\/minostar.com\/de\/datenschutzerklaerung\/#breadcrumb\",\"itemListElement\":[{\"@type\":\"ListItem\",\"position\":1,\"name\":\"Startseite\",\"item\":\"https:\/\/minostar.com\/de\/\"},{\"@type\":\"ListItem\",\"position\":2,\"name\":\"Datenschutzerkl\u00e4rung\"}]},{\"@type\":\"WebSite\",\"@id\":\"https:\/\/minostar.com\/de\/#website\",\"url\":\"https:\/\/minostar.com\/de\/\",\"name\":\"Minostar\",\"description\":\"Minostar \u2013 Tw\u00f3j partner w zakresie rozwi\u0105za\u0144 wydobywczych\",\"inLanguage\":\"de\"}]}<\/script>\n<!-- \/ Yoast SEO plugin. -->","yoast_head_json":{"title":"Datenschutzerkl\u00e4rung | Minostar","description":"Datenschutzerkl\u00e4rung \u27a2 Minostar ist Ihr verl\u00e4sslicher Partner f\u00fcr L\u00f6sungen im Bergbau \u27a2 Jetzt informieren!","robots":{"index":"index","follow":"follow","max-snippet":"max-snippet:-1","max-image-preview":"max-image-preview:large","max-video-preview":"max-video-preview:-1"},"canonical":"https:\/\/minostar.com\/de\/datenschutzerklaerung\/","og_locale":"de_DE","og_type":"article","og_title":"Datenschutzerkl\u00e4rung | Minostar","og_description":"Datenschutzerkl\u00e4rung \u27a2 Minostar ist Ihr verl\u00e4sslicher Partner f\u00fcr L\u00f6sungen im Bergbau \u27a2 Jetzt informieren!","og_url":"https:\/\/minostar.com\/de\/datenschutzerklaerung\/","og_site_name":"Minostar","article_modified_time":"2025-05-01T12:26:21+00:00","twitter_card":"summary_large_image","twitter_misc":{"Gesch\u00e4tzte Lesezeit":"13\u00a0Minuten"},"schema":{"@context":"https:\/\/schema.org","@graph":[{"@type":"WebPage","@id":"https:\/\/minostar.com\/de\/datenschutzerklaerung\/","url":"https:\/\/minostar.com\/de\/datenschutzerklaerung\/","name":"Datenschutzerkl\u00e4rung | Minostar","isPartOf":{"@id":"https:\/\/minostar.com\/de\/#website"},"datePublished":"2025-02-22T07:23:57+00:00","dateModified":"2025-05-01T12:26:21+00:00","description":"Datenschutzerkl\u00e4rung \u27a2 Minostar ist Ihr verl\u00e4sslicher Partner f\u00fcr L\u00f6sungen im Bergbau \u27a2 Jetzt informieren!","breadcrumb":{"@id":"https:\/\/minostar.com\/de\/datenschutzerklaerung\/#breadcrumb"},"inLanguage":"de","potentialAction":[{"@type":"ReadAction","target":["https:\/\/minostar.com\/de\/datenschutzerklaerung\/"]}]},{"@type":"BreadcrumbList","@id":"https:\/\/minostar.com\/de\/datenschutzerklaerung\/#breadcrumb","itemListElement":[{"@type":"ListItem","position":1,"name":"Startseite","item":"https:\/\/minostar.com\/de\/"},{"@type":"ListItem","position":2,"name":"Datenschutzerkl\u00e4rung"}]},{"@type":"WebSite","@id":"https:\/\/minostar.com\/de\/#website","url":"https:\/\/minostar.com\/de\/","name":"Minostar","description":"Minostar \u2013 Tw\u00f3j partner w zakresie rozwi\u0105za\u0144 wydobywczych","inLanguage":"de"}]}},"_links":{"self":[{"href":"https:\/\/minostar.com\/de\/wp-json\/wp\/v2\/pages\/3052","targetHints":{"allow":["GET"]}}],"collection":[{"href":"https:\/\/minostar.com\/de\/wp-json\/wp\/v2\/pages"}],"about":[{"href":"https:\/\/minostar.com\/de\/wp-json\/wp\/v2\/types\/page"}],"author":[{"embeddable":true,"href":"https:\/\/minostar.com\/de\/wp-json\/wp\/v2\/users\/1"}],"replies":[{"embeddable":true,"href":"https:\/\/minostar.com\/de\/wp-json\/wp\/v2\/comments?post=3052"}],"version-history":[{"count":2,"href":"https:\/\/minostar.com\/de\/wp-json\/wp\/v2\/pages\/3052\/revisions"}],"predecessor-version":[{"id":3054,"href":"https:\/\/minostar.com\/de\/wp-json\/wp\/v2\/pages\/3052\/revisions\/3054"}],"wp:attachment":[{"href":"https:\/\/minostar.com\/de\/wp-json\/wp\/v2\/media?parent=3052"}],"curies":[{"name":"wp","href":"https:\/\/api.w.org\/{rel}","templated":true}]}}