{"id":3671,"date":"2025-06-17T14:14:26","date_gmt":"2025-06-17T12:14:26","guid":{"rendered":"https:\/\/minostar.com\/teilschnittmaschinen\/mr-340\/"},"modified":"2026-03-16T14:44:00","modified_gmt":"2026-03-16T13:44:00","slug":"mr-340","status":"publish","type":"page","link":"https:\/\/minostar.com\/de\/teilschnittmaschinen\/mr-340\/","title":{"rendered":"MR 340"},"content":{"rendered":"","protected":false},"excerpt":{"rendered":"","protected":false},"author":1,"featured_media":2048,"parent":2758,"menu_order":0,"comment_status":"closed","ping_status":"closed","template":"page-builder.php","meta":{"_acf_changed":false,"footnotes":""},"class_list":["post-3671","page","type-page","status-publish","has-post-thumbnail","hentry"],"acf":[],"yoast_head":"<!-- This site is optimized with the Yoast SEO plugin v25.9 - https:\/\/yoast.com\/wordpress\/plugins\/seo\/ -->\n<title>Teilschnittmaschine MR 340 zu verkaufen \u2013 Spezifikation und Support | Minostar<\/title>\n<meta name=\"description\" content=\"Gepr\u00fcfte Informationen zur Teilschnittmaschine MR 340 \u27a2 Technische Daten, detaillierte Beschreibung und Verkaufsangebot \u27a2 Klicken Sie und erfahren Sie mehr!\" \/>\n<meta name=\"robots\" content=\"index, follow, max-snippet:-1, max-image-preview:large, max-video-preview:-1\" \/>\n<link rel=\"canonical\" href=\"https:\/\/minostar.com\/de\/teilschnittmaschinen\/mr-340\/\" \/>\n<meta property=\"og:locale\" content=\"de_DE\" \/>\n<meta property=\"og:type\" content=\"article\" \/>\n<meta property=\"og:title\" content=\"Teilschnittmaschine MR 340 zu verkaufen \u2013 Spezifikation und Support | Minostar\" \/>\n<meta property=\"og:description\" content=\"Gepr\u00fcfte Informationen zur Teilschnittmaschine MR 340 \u27a2 Technische Daten, detaillierte Beschreibung und Verkaufsangebot \u27a2 Klicken Sie und erfahren Sie mehr!\" \/>\n<meta property=\"og:url\" content=\"https:\/\/minostar.com\/de\/teilschnittmaschinen\/mr-340\/\" \/>\n<meta property=\"og:site_name\" content=\"Minostar\" \/>\n<meta property=\"article:modified_time\" content=\"2026-03-16T13:44:00+00:00\" \/>\n<meta property=\"og:image\" content=\"https:\/\/minostar.com\/wp-content\/uploads\/2025\/03\/mr340x-1.webp\" \/>\n\t<meta property=\"og:image:width\" content=\"1200\" \/>\n\t<meta property=\"og:image:height\" content=\"800\" \/>\n\t<meta property=\"og:image:type\" content=\"image\/webp\" \/>\n<meta name=\"twitter:card\" content=\"summary_large_image\" \/>\n<meta name=\"twitter:label1\" content=\"Gesch\u00e4tzte Lesezeit\" \/>\n\t<meta name=\"twitter:data1\" content=\"1\u00a0Minute\" \/>\n<script type=\"application\/ld+json\" class=\"yoast-schema-graph\">{\"@context\":\"https:\/\/schema.org\",\"@graph\":[{\"@type\":\"WebPage\",\"@id\":\"https:\/\/minostar.com\/de\/teilschnittmaschinen\/mr-340\/\",\"url\":\"https:\/\/minostar.com\/de\/teilschnittmaschinen\/mr-340\/\",\"name\":\"Teilschnittmaschine MR 340 zu verkaufen \u2013 Spezifikation und Support | Minostar\",\"isPartOf\":{\"@id\":\"https:\/\/minostar.com\/de\/#website\"},\"primaryImageOfPage\":{\"@id\":\"https:\/\/minostar.com\/de\/teilschnittmaschinen\/mr-340\/#primaryimage\"},\"image\":{\"@id\":\"https:\/\/minostar.com\/de\/teilschnittmaschinen\/mr-340\/#primaryimage\"},\"thumbnailUrl\":\"https:\/\/minostar.com\/wp-content\/uploads\/2025\/03\/mr340x-1.webp\",\"datePublished\":\"2025-06-17T12:14:26+00:00\",\"dateModified\":\"2026-03-16T13:44:00+00:00\",\"description\":\"Gepr\u00fcfte Informationen zur Teilschnittmaschine MR 340 \u27a2 Technische Daten, detaillierte Beschreibung und Verkaufsangebot \u27a2 Klicken Sie und erfahren Sie mehr!\",\"breadcrumb\":{\"@id\":\"https:\/\/minostar.com\/de\/teilschnittmaschinen\/mr-340\/#breadcrumb\"},\"inLanguage\":\"de\",\"potentialAction\":[{\"@type\":\"ReadAction\",\"target\":[\"https:\/\/minostar.com\/de\/teilschnittmaschinen\/mr-340\/\"]}]},{\"@type\":\"ImageObject\",\"inLanguage\":\"de\",\"@id\":\"https:\/\/minostar.com\/de\/teilschnittmaschinen\/mr-340\/#primaryimage\",\"url\":\"https:\/\/minostar.com\/wp-content\/uploads\/2025\/03\/mr340x-1.webp\",\"contentUrl\":\"https:\/\/minostar.com\/wp-content\/uploads\/2025\/03\/mr340x-1.webp\",\"width\":1200,\"height\":800},{\"@type\":\"BreadcrumbList\",\"@id\":\"https:\/\/minostar.com\/de\/teilschnittmaschinen\/mr-340\/#breadcrumb\",\"itemListElement\":[{\"@type\":\"ListItem\",\"position\":1,\"name\":\"Startseite\",\"item\":\"https:\/\/minostar.com\/de\/\"},{\"@type\":\"ListItem\",\"position\":2,\"name\":\"Teilschnittmaschinen\",\"item\":\"https:\/\/minostar.com\/de\/teilschnittmaschinen\/\"},{\"@type\":\"ListItem\",\"position\":3,\"name\":\"MR 340\"}]},{\"@type\":\"WebSite\",\"@id\":\"https:\/\/minostar.com\/de\/#website\",\"url\":\"https:\/\/minostar.com\/de\/\",\"name\":\"Minostar\",\"description\":\"Minostar \u2013 Tw\u00f3j partner w zakresie rozwi\u0105za\u0144 wydobywczych\",\"inLanguage\":\"de\"}]}<\/script>\n<!-- \/ Yoast SEO plugin. -->","yoast_head_json":{"title":"Teilschnittmaschine MR 340 zu verkaufen \u2013 Spezifikation und Support | Minostar","description":"Gepr\u00fcfte Informationen zur Teilschnittmaschine MR 340 \u27a2 Technische Daten, detaillierte Beschreibung und Verkaufsangebot \u27a2 Klicken Sie und erfahren Sie mehr!","robots":{"index":"index","follow":"follow","max-snippet":"max-snippet:-1","max-image-preview":"max-image-preview:large","max-video-preview":"max-video-preview:-1"},"canonical":"https:\/\/minostar.com\/de\/teilschnittmaschinen\/mr-340\/","og_locale":"de_DE","og_type":"article","og_title":"Teilschnittmaschine MR 340 zu verkaufen \u2013 Spezifikation und Support | Minostar","og_description":"Gepr\u00fcfte Informationen zur Teilschnittmaschine MR 340 \u27a2 Technische Daten, detaillierte Beschreibung und Verkaufsangebot \u27a2 Klicken Sie und erfahren Sie mehr!","og_url":"https:\/\/minostar.com\/de\/teilschnittmaschinen\/mr-340\/","og_site_name":"Minostar","article_modified_time":"2026-03-16T13:44:00+00:00","og_image":[{"width":1200,"height":800,"url":"https:\/\/minostar.com\/wp-content\/uploads\/2025\/03\/mr340x-1.webp","type":"image\/webp"}],"twitter_card":"summary_large_image","twitter_misc":{"Gesch\u00e4tzte Lesezeit":"1\u00a0Minute"},"schema":{"@context":"https:\/\/schema.org","@graph":[{"@type":"WebPage","@id":"https:\/\/minostar.com\/de\/teilschnittmaschinen\/mr-340\/","url":"https:\/\/minostar.com\/de\/teilschnittmaschinen\/mr-340\/","name":"Teilschnittmaschine MR 340 zu verkaufen \u2013 Spezifikation und Support | Minostar","isPartOf":{"@id":"https:\/\/minostar.com\/de\/#website"},"primaryImageOfPage":{"@id":"https:\/\/minostar.com\/de\/teilschnittmaschinen\/mr-340\/#primaryimage"},"image":{"@id":"https:\/\/minostar.com\/de\/teilschnittmaschinen\/mr-340\/#primaryimage"},"thumbnailUrl":"https:\/\/minostar.com\/wp-content\/uploads\/2025\/03\/mr340x-1.webp","datePublished":"2025-06-17T12:14:26+00:00","dateModified":"2026-03-16T13:44:00+00:00","description":"Gepr\u00fcfte Informationen zur Teilschnittmaschine MR 340 \u27a2 Technische Daten, detaillierte Beschreibung und Verkaufsangebot \u27a2 Klicken Sie und erfahren Sie mehr!","breadcrumb":{"@id":"https:\/\/minostar.com\/de\/teilschnittmaschinen\/mr-340\/#breadcrumb"},"inLanguage":"de","potentialAction":[{"@type":"ReadAction","target":["https:\/\/minostar.com\/de\/teilschnittmaschinen\/mr-340\/"]}]},{"@type":"ImageObject","inLanguage":"de","@id":"https:\/\/minostar.com\/de\/teilschnittmaschinen\/mr-340\/#primaryimage","url":"https:\/\/minostar.com\/wp-content\/uploads\/2025\/03\/mr340x-1.webp","contentUrl":"https:\/\/minostar.com\/wp-content\/uploads\/2025\/03\/mr340x-1.webp","width":1200,"height":800},{"@type":"BreadcrumbList","@id":"https:\/\/minostar.com\/de\/teilschnittmaschinen\/mr-340\/#breadcrumb","itemListElement":[{"@type":"ListItem","position":1,"name":"Startseite","item":"https:\/\/minostar.com\/de\/"},{"@type":"ListItem","position":2,"name":"Teilschnittmaschinen","item":"https:\/\/minostar.com\/de\/teilschnittmaschinen\/"},{"@type":"ListItem","position":3,"name":"MR 340"}]},{"@type":"WebSite","@id":"https:\/\/minostar.com\/de\/#website","url":"https:\/\/minostar.com\/de\/","name":"Minostar","description":"Minostar \u2013 Tw\u00f3j partner w zakresie rozwi\u0105za\u0144 wydobywczych","inLanguage":"de"}]}},"_links":{"self":[{"href":"https:\/\/minostar.com\/de\/wp-json\/wp\/v2\/pages\/3671","targetHints":{"allow":["GET"]}}],"collection":[{"href":"https:\/\/minostar.com\/de\/wp-json\/wp\/v2\/pages"}],"about":[{"href":"https:\/\/minostar.com\/de\/wp-json\/wp\/v2\/types\/page"}],"author":[{"embeddable":true,"href":"https:\/\/minostar.com\/de\/wp-json\/wp\/v2\/users\/1"}],"replies":[{"embeddable":true,"href":"https:\/\/minostar.com\/de\/wp-json\/wp\/v2\/comments?post=3671"}],"version-history":[{"count":13,"href":"https:\/\/minostar.com\/de\/wp-json\/wp\/v2\/pages\/3671\/revisions"}],"predecessor-version":[{"id":4234,"href":"https:\/\/minostar.com\/de\/wp-json\/wp\/v2\/pages\/3671\/revisions\/4234"}],"up":[{"embeddable":true,"href":"https:\/\/minostar.com\/de\/wp-json\/wp\/v2\/pages\/2758"}],"wp:featuredmedia":[{"embeddable":true,"href":"https:\/\/minostar.com\/de\/wp-json\/wp\/v2\/media\/2048"}],"wp:attachment":[{"href":"https:\/\/minostar.com\/de\/wp-json\/wp\/v2\/media?parent=3671"}],"curies":[{"name":"wp","href":"https:\/\/api.w.org\/{rel}","templated":true}]}}