{"id":3086,"date":"2025-03-20T20:46:14","date_gmt":"2025-03-20T19:46:14","guid":{"rendered":"https:\/\/minostar.com\/roadheaders\/am-75\/"},"modified":"2026-03-16T13:43:17","modified_gmt":"2026-03-16T12:43:17","slug":"am-75","status":"publish","type":"page","link":"https:\/\/minostar.com\/en\/roadheaders\/am-75\/","title":{"rendered":"AM 75"},"content":{"rendered":"","protected":false},"excerpt":{"rendered":"","protected":false},"author":1,"featured_media":2014,"parent":3078,"menu_order":0,"comment_status":"closed","ping_status":"closed","template":"page-builder.php","meta":{"_acf_changed":false,"footnotes":""},"class_list":["post-3086","page","type-page","status-publish","has-post-thumbnail","hentry"],"acf":[],"yoast_head":"<!-- This site is optimized with the Yoast SEO plugin v25.9 - https:\/\/yoast.com\/wordpress\/plugins\/seo\/ -->\n<title>AM-75 Roadheader \u2013 Technical Data and Support | Minostar<\/title>\n<meta name=\"description\" content=\"Technical data of the AM-75 roadheader \u27a2 Machine features, component overview, and professional technical support \u27a2 Click to read more!\" \/>\n<meta name=\"robots\" content=\"index, follow, max-snippet:-1, max-image-preview:large, max-video-preview:-1\" \/>\n<link rel=\"canonical\" href=\"https:\/\/minostar.com\/en\/roadheaders\/am-75\/\" \/>\n<meta property=\"og:locale\" content=\"en_US\" \/>\n<meta property=\"og:type\" content=\"article\" \/>\n<meta property=\"og:title\" content=\"AM-75 Roadheader \u2013 Technical Data and Support | Minostar\" \/>\n<meta property=\"og:description\" content=\"Technical data of the AM-75 roadheader \u27a2 Machine features, component overview, and professional technical support \u27a2 Click to read more!\" \/>\n<meta property=\"og:url\" content=\"https:\/\/minostar.com\/en\/roadheaders\/am-75\/\" \/>\n<meta property=\"og:site_name\" content=\"Minostar\" \/>\n<meta property=\"article:modified_time\" content=\"2026-03-16T12:43:17+00:00\" \/>\n<meta property=\"og:image\" content=\"https:\/\/minostar.com\/wp-content\/uploads\/2025\/03\/jsw-2.webp\" \/>\n\t<meta property=\"og:image:width\" content=\"1200\" \/>\n\t<meta property=\"og:image:height\" content=\"800\" \/>\n\t<meta property=\"og:image:type\" content=\"image\/webp\" \/>\n<meta name=\"twitter:card\" content=\"summary_large_image\" \/>\n<meta name=\"twitter:label1\" content=\"Est. reading time\" \/>\n\t<meta name=\"twitter:data1\" content=\"1 minute\" \/>\n<script type=\"application\/ld+json\" class=\"yoast-schema-graph\">{\"@context\":\"https:\/\/schema.org\",\"@graph\":[{\"@type\":\"WebPage\",\"@id\":\"https:\/\/minostar.com\/en\/roadheaders\/am-75\/\",\"url\":\"https:\/\/minostar.com\/en\/roadheaders\/am-75\/\",\"name\":\"AM-75 Roadheader \u2013 Technical Data and Support | Minostar\",\"isPartOf\":{\"@id\":\"https:\/\/minostar.com\/en\/#website\"},\"primaryImageOfPage\":{\"@id\":\"https:\/\/minostar.com\/en\/roadheaders\/am-75\/#primaryimage\"},\"image\":{\"@id\":\"https:\/\/minostar.com\/en\/roadheaders\/am-75\/#primaryimage\"},\"thumbnailUrl\":\"https:\/\/minostar.com\/wp-content\/uploads\/2025\/03\/jsw-2.webp\",\"datePublished\":\"2025-03-20T19:46:14+00:00\",\"dateModified\":\"2026-03-16T12:43:17+00:00\",\"description\":\"Technical data of the AM-75 roadheader \u27a2 Machine features, component overview, and professional technical support \u27a2 Click to read more!\",\"breadcrumb\":{\"@id\":\"https:\/\/minostar.com\/en\/roadheaders\/am-75\/#breadcrumb\"},\"inLanguage\":\"en-US\",\"potentialAction\":[{\"@type\":\"ReadAction\",\"target\":[\"https:\/\/minostar.com\/en\/roadheaders\/am-75\/\"]}]},{\"@type\":\"ImageObject\",\"inLanguage\":\"en-US\",\"@id\":\"https:\/\/minostar.com\/en\/roadheaders\/am-75\/#primaryimage\",\"url\":\"https:\/\/minostar.com\/wp-content\/uploads\/2025\/03\/jsw-2.webp\",\"contentUrl\":\"https:\/\/minostar.com\/wp-content\/uploads\/2025\/03\/jsw-2.webp\",\"width\":1200,\"height\":800},{\"@type\":\"BreadcrumbList\",\"@id\":\"https:\/\/minostar.com\/en\/roadheaders\/am-75\/#breadcrumb\",\"itemListElement\":[{\"@type\":\"ListItem\",\"position\":1,\"name\":\"Home Page\",\"item\":\"https:\/\/minostar.com\/en\/\"},{\"@type\":\"ListItem\",\"position\":2,\"name\":\"Roadheaders\",\"item\":\"https:\/\/minostar.com\/en\/roadheaders\/\"},{\"@type\":\"ListItem\",\"position\":3,\"name\":\"AM 75\"}]},{\"@type\":\"WebSite\",\"@id\":\"https:\/\/minostar.com\/en\/#website\",\"url\":\"https:\/\/minostar.com\/en\/\",\"name\":\"Minostar\",\"description\":\"Minostar - Tw\u00f3j partner w zakresie rozwi\u0105za\u0144 wydobywczych\",\"inLanguage\":\"en-US\"}]}<\/script>\n<!-- \/ Yoast SEO plugin. -->","yoast_head_json":{"title":"AM-75 Roadheader \u2013 Technical Data and Support | Minostar","description":"Technical data of the AM-75 roadheader \u27a2 Machine features, component overview, and professional technical support \u27a2 Click to read more!","robots":{"index":"index","follow":"follow","max-snippet":"max-snippet:-1","max-image-preview":"max-image-preview:large","max-video-preview":"max-video-preview:-1"},"canonical":"https:\/\/minostar.com\/en\/roadheaders\/am-75\/","og_locale":"en_US","og_type":"article","og_title":"AM-75 Roadheader \u2013 Technical Data and Support | Minostar","og_description":"Technical data of the AM-75 roadheader \u27a2 Machine features, component overview, and professional technical support \u27a2 Click to read more!","og_url":"https:\/\/minostar.com\/en\/roadheaders\/am-75\/","og_site_name":"Minostar","article_modified_time":"2026-03-16T12:43:17+00:00","og_image":[{"width":1200,"height":800,"url":"https:\/\/minostar.com\/wp-content\/uploads\/2025\/03\/jsw-2.webp","type":"image\/webp"}],"twitter_card":"summary_large_image","twitter_misc":{"Est. reading time":"1 minute"},"schema":{"@context":"https:\/\/schema.org","@graph":[{"@type":"WebPage","@id":"https:\/\/minostar.com\/en\/roadheaders\/am-75\/","url":"https:\/\/minostar.com\/en\/roadheaders\/am-75\/","name":"AM-75 Roadheader \u2013 Technical Data and Support | Minostar","isPartOf":{"@id":"https:\/\/minostar.com\/en\/#website"},"primaryImageOfPage":{"@id":"https:\/\/minostar.com\/en\/roadheaders\/am-75\/#primaryimage"},"image":{"@id":"https:\/\/minostar.com\/en\/roadheaders\/am-75\/#primaryimage"},"thumbnailUrl":"https:\/\/minostar.com\/wp-content\/uploads\/2025\/03\/jsw-2.webp","datePublished":"2025-03-20T19:46:14+00:00","dateModified":"2026-03-16T12:43:17+00:00","description":"Technical data of the AM-75 roadheader \u27a2 Machine features, component overview, and professional technical support \u27a2 Click to read more!","breadcrumb":{"@id":"https:\/\/minostar.com\/en\/roadheaders\/am-75\/#breadcrumb"},"inLanguage":"en-US","potentialAction":[{"@type":"ReadAction","target":["https:\/\/minostar.com\/en\/roadheaders\/am-75\/"]}]},{"@type":"ImageObject","inLanguage":"en-US","@id":"https:\/\/minostar.com\/en\/roadheaders\/am-75\/#primaryimage","url":"https:\/\/minostar.com\/wp-content\/uploads\/2025\/03\/jsw-2.webp","contentUrl":"https:\/\/minostar.com\/wp-content\/uploads\/2025\/03\/jsw-2.webp","width":1200,"height":800},{"@type":"BreadcrumbList","@id":"https:\/\/minostar.com\/en\/roadheaders\/am-75\/#breadcrumb","itemListElement":[{"@type":"ListItem","position":1,"name":"Home Page","item":"https:\/\/minostar.com\/en\/"},{"@type":"ListItem","position":2,"name":"Roadheaders","item":"https:\/\/minostar.com\/en\/roadheaders\/"},{"@type":"ListItem","position":3,"name":"AM 75"}]},{"@type":"WebSite","@id":"https:\/\/minostar.com\/en\/#website","url":"https:\/\/minostar.com\/en\/","name":"Minostar","description":"Minostar - Tw\u00f3j partner w zakresie rozwi\u0105za\u0144 wydobywczych","inLanguage":"en-US"}]}},"_links":{"self":[{"href":"https:\/\/minostar.com\/en\/wp-json\/wp\/v2\/pages\/3086","targetHints":{"allow":["GET"]}}],"collection":[{"href":"https:\/\/minostar.com\/en\/wp-json\/wp\/v2\/pages"}],"about":[{"href":"https:\/\/minostar.com\/en\/wp-json\/wp\/v2\/types\/page"}],"author":[{"embeddable":true,"href":"https:\/\/minostar.com\/en\/wp-json\/wp\/v2\/users\/1"}],"replies":[{"embeddable":true,"href":"https:\/\/minostar.com\/en\/wp-json\/wp\/v2\/comments?post=3086"}],"version-history":[{"count":11,"href":"https:\/\/minostar.com\/en\/wp-json\/wp\/v2\/pages\/3086\/revisions"}],"predecessor-version":[{"id":4216,"href":"https:\/\/minostar.com\/en\/wp-json\/wp\/v2\/pages\/3086\/revisions\/4216"}],"up":[{"embeddable":true,"href":"https:\/\/minostar.com\/en\/wp-json\/wp\/v2\/pages\/3078"}],"wp:featuredmedia":[{"embeddable":true,"href":"https:\/\/minostar.com\/en\/wp-json\/wp\/v2\/media\/2014"}],"wp:attachment":[{"href":"https:\/\/minostar.com\/en\/wp-json\/wp\/v2\/media?parent=3086"}],"curies":[{"name":"wp","href":"https:\/\/api.w.org\/{rel}","templated":true}]}}