{"id":3629,"date":"2025-06-17T14:14:26","date_gmt":"2025-06-17T12:14:26","guid":{"rendered":"https:\/\/minostar.com\/roadheaders\/mr-340\/"},"modified":"2026-03-16T14:40:06","modified_gmt":"2026-03-16T13:40:06","slug":"mr-340","status":"publish","type":"page","link":"https:\/\/minostar.com\/en\/roadheaders\/mr-340\/","title":{"rendered":"MR 340"},"content":{"rendered":"","protected":false},"excerpt":{"rendered":"","protected":false},"author":1,"featured_media":2047,"parent":3078,"menu_order":0,"comment_status":"closed","ping_status":"closed","template":"page-builder.php","meta":{"_acf_changed":false,"footnotes":""},"class_list":["post-3629","page","type-page","status-publish","has-post-thumbnail","hentry"],"acf":[],"yoast_head":"<!-- This site is optimized with the Yoast SEO plugin v25.9 - https:\/\/yoast.com\/wordpress\/plugins\/seo\/ -->\n<title>MR 340 Roadheader for Sale \u2013 Technical Specification &amp; Support | Minostar<\/title>\n<meta name=\"description\" content=\"Verified information about the MR 340 roadheader \u27a2 Technical specifications, detailed description, and sales offer \u27a2 Click to learn more.\" \/>\n<meta name=\"robots\" content=\"index, follow, max-snippet:-1, max-image-preview:large, max-video-preview:-1\" \/>\n<link rel=\"canonical\" href=\"https:\/\/minostar.com\/en\/roadheaders\/mr-340\/\" \/>\n<meta property=\"og:locale\" content=\"en_US\" \/>\n<meta property=\"og:type\" content=\"article\" \/>\n<meta property=\"og:title\" content=\"MR 340 Roadheader for Sale \u2013 Technical Specification &amp; Support | Minostar\" \/>\n<meta property=\"og:description\" content=\"Verified information about the MR 340 roadheader \u27a2 Technical specifications, detailed description, and sales offer \u27a2 Click to learn more.\" \/>\n<meta property=\"og:url\" content=\"https:\/\/minostar.com\/en\/roadheaders\/mr-340\/\" \/>\n<meta property=\"og:site_name\" content=\"Minostar\" \/>\n<meta property=\"article:modified_time\" content=\"2026-03-16T13:40:06+00:00\" \/>\n<meta property=\"og:image\" content=\"https:\/\/minostar.com\/wp-content\/uploads\/2025\/03\/mr340x-1.webp\" \/>\n\t<meta property=\"og:image:width\" content=\"1200\" \/>\n\t<meta property=\"og:image:height\" content=\"800\" \/>\n\t<meta property=\"og:image:type\" content=\"image\/webp\" \/>\n<meta name=\"twitter:card\" content=\"summary_large_image\" \/>\n<meta name=\"twitter:label1\" content=\"Est. reading time\" \/>\n\t<meta name=\"twitter:data1\" content=\"1 minute\" \/>\n<script type=\"application\/ld+json\" class=\"yoast-schema-graph\">{\"@context\":\"https:\/\/schema.org\",\"@graph\":[{\"@type\":\"WebPage\",\"@id\":\"https:\/\/minostar.com\/en\/roadheaders\/mr-340\/\",\"url\":\"https:\/\/minostar.com\/en\/roadheaders\/mr-340\/\",\"name\":\"MR 340 Roadheader for Sale \u2013 Technical Specification & Support | Minostar\",\"isPartOf\":{\"@id\":\"https:\/\/minostar.com\/en\/#website\"},\"primaryImageOfPage\":{\"@id\":\"https:\/\/minostar.com\/en\/roadheaders\/mr-340\/#primaryimage\"},\"image\":{\"@id\":\"https:\/\/minostar.com\/en\/roadheaders\/mr-340\/#primaryimage\"},\"thumbnailUrl\":\"https:\/\/minostar.com\/wp-content\/uploads\/2025\/03\/mr340x-1.webp\",\"datePublished\":\"2025-06-17T12:14:26+00:00\",\"dateModified\":\"2026-03-16T13:40:06+00:00\",\"description\":\"Verified information about the MR 340 roadheader \u27a2 Technical specifications, detailed description, and sales offer \u27a2 Click to learn more.\",\"breadcrumb\":{\"@id\":\"https:\/\/minostar.com\/en\/roadheaders\/mr-340\/#breadcrumb\"},\"inLanguage\":\"en-US\",\"potentialAction\":[{\"@type\":\"ReadAction\",\"target\":[\"https:\/\/minostar.com\/en\/roadheaders\/mr-340\/\"]}]},{\"@type\":\"ImageObject\",\"inLanguage\":\"en-US\",\"@id\":\"https:\/\/minostar.com\/en\/roadheaders\/mr-340\/#primaryimage\",\"url\":\"https:\/\/minostar.com\/wp-content\/uploads\/2025\/03\/mr340x-1.webp\",\"contentUrl\":\"https:\/\/minostar.com\/wp-content\/uploads\/2025\/03\/mr340x-1.webp\",\"width\":1200,\"height\":800},{\"@type\":\"BreadcrumbList\",\"@id\":\"https:\/\/minostar.com\/en\/roadheaders\/mr-340\/#breadcrumb\",\"itemListElement\":[{\"@type\":\"ListItem\",\"position\":1,\"name\":\"Home Page\",\"item\":\"https:\/\/minostar.com\/en\/\"},{\"@type\":\"ListItem\",\"position\":2,\"name\":\"Roadheaders\",\"item\":\"https:\/\/minostar.com\/en\/roadheaders\/\"},{\"@type\":\"ListItem\",\"position\":3,\"name\":\"MR 340\"}]},{\"@type\":\"WebSite\",\"@id\":\"https:\/\/minostar.com\/en\/#website\",\"url\":\"https:\/\/minostar.com\/en\/\",\"name\":\"Minostar\",\"description\":\"Minostar - Tw\u00f3j partner w zakresie rozwi\u0105za\u0144 wydobywczych\",\"inLanguage\":\"en-US\"}]}<\/script>\n<!-- \/ Yoast SEO plugin. -->","yoast_head_json":{"title":"MR 340 Roadheader for Sale \u2013 Technical Specification & Support | Minostar","description":"Verified information about the MR 340 roadheader \u27a2 Technical specifications, detailed description, and sales offer \u27a2 Click to learn more.","robots":{"index":"index","follow":"follow","max-snippet":"max-snippet:-1","max-image-preview":"max-image-preview:large","max-video-preview":"max-video-preview:-1"},"canonical":"https:\/\/minostar.com\/en\/roadheaders\/mr-340\/","og_locale":"en_US","og_type":"article","og_title":"MR 340 Roadheader for Sale \u2013 Technical Specification & Support | Minostar","og_description":"Verified information about the MR 340 roadheader \u27a2 Technical specifications, detailed description, and sales offer \u27a2 Click to learn more.","og_url":"https:\/\/minostar.com\/en\/roadheaders\/mr-340\/","og_site_name":"Minostar","article_modified_time":"2026-03-16T13:40:06+00:00","og_image":[{"width":1200,"height":800,"url":"https:\/\/minostar.com\/wp-content\/uploads\/2025\/03\/mr340x-1.webp","type":"image\/webp"}],"twitter_card":"summary_large_image","twitter_misc":{"Est. reading time":"1 minute"},"schema":{"@context":"https:\/\/schema.org","@graph":[{"@type":"WebPage","@id":"https:\/\/minostar.com\/en\/roadheaders\/mr-340\/","url":"https:\/\/minostar.com\/en\/roadheaders\/mr-340\/","name":"MR 340 Roadheader for Sale \u2013 Technical Specification & Support | Minostar","isPartOf":{"@id":"https:\/\/minostar.com\/en\/#website"},"primaryImageOfPage":{"@id":"https:\/\/minostar.com\/en\/roadheaders\/mr-340\/#primaryimage"},"image":{"@id":"https:\/\/minostar.com\/en\/roadheaders\/mr-340\/#primaryimage"},"thumbnailUrl":"https:\/\/minostar.com\/wp-content\/uploads\/2025\/03\/mr340x-1.webp","datePublished":"2025-06-17T12:14:26+00:00","dateModified":"2026-03-16T13:40:06+00:00","description":"Verified information about the MR 340 roadheader \u27a2 Technical specifications, detailed description, and sales offer \u27a2 Click to learn more.","breadcrumb":{"@id":"https:\/\/minostar.com\/en\/roadheaders\/mr-340\/#breadcrumb"},"inLanguage":"en-US","potentialAction":[{"@type":"ReadAction","target":["https:\/\/minostar.com\/en\/roadheaders\/mr-340\/"]}]},{"@type":"ImageObject","inLanguage":"en-US","@id":"https:\/\/minostar.com\/en\/roadheaders\/mr-340\/#primaryimage","url":"https:\/\/minostar.com\/wp-content\/uploads\/2025\/03\/mr340x-1.webp","contentUrl":"https:\/\/minostar.com\/wp-content\/uploads\/2025\/03\/mr340x-1.webp","width":1200,"height":800},{"@type":"BreadcrumbList","@id":"https:\/\/minostar.com\/en\/roadheaders\/mr-340\/#breadcrumb","itemListElement":[{"@type":"ListItem","position":1,"name":"Home Page","item":"https:\/\/minostar.com\/en\/"},{"@type":"ListItem","position":2,"name":"Roadheaders","item":"https:\/\/minostar.com\/en\/roadheaders\/"},{"@type":"ListItem","position":3,"name":"MR 340"}]},{"@type":"WebSite","@id":"https:\/\/minostar.com\/en\/#website","url":"https:\/\/minostar.com\/en\/","name":"Minostar","description":"Minostar - Tw\u00f3j partner w zakresie rozwi\u0105za\u0144 wydobywczych","inLanguage":"en-US"}]}},"_links":{"self":[{"href":"https:\/\/minostar.com\/en\/wp-json\/wp\/v2\/pages\/3629","targetHints":{"allow":["GET"]}}],"collection":[{"href":"https:\/\/minostar.com\/en\/wp-json\/wp\/v2\/pages"}],"about":[{"href":"https:\/\/minostar.com\/en\/wp-json\/wp\/v2\/types\/page"}],"author":[{"embeddable":true,"href":"https:\/\/minostar.com\/en\/wp-json\/wp\/v2\/users\/1"}],"replies":[{"embeddable":true,"href":"https:\/\/minostar.com\/en\/wp-json\/wp\/v2\/comments?post=3629"}],"version-history":[{"count":16,"href":"https:\/\/minostar.com\/en\/wp-json\/wp\/v2\/pages\/3629\/revisions"}],"predecessor-version":[{"id":4233,"href":"https:\/\/minostar.com\/en\/wp-json\/wp\/v2\/pages\/3629\/revisions\/4233"}],"up":[{"embeddable":true,"href":"https:\/\/minostar.com\/en\/wp-json\/wp\/v2\/pages\/3078"}],"wp:featuredmedia":[{"embeddable":true,"href":"https:\/\/minostar.com\/en\/wp-json\/wp\/v2\/media\/2047"}],"wp:attachment":[{"href":"https:\/\/minostar.com\/en\/wp-json\/wp\/v2\/media?parent=3629"}],"curies":[{"name":"wp","href":"https:\/\/api.w.org\/{rel}","templated":true}]}}