{"id":2474,"date":"2025-03-19T13:13:48","date_gmt":"2025-03-19T12:13:48","guid":{"rendered":"https:\/\/minostar.com\/venta-de-maquinaria-minera-y-tunelera\/"},"modified":"2026-04-09T14:04:29","modified_gmt":"2026-04-09T12:04:29","slug":"venta-de-maquinaria","status":"publish","type":"page","link":"https:\/\/minostar.com\/es\/venta-de-maquinaria\/","title":{"rendered":"Venta de maquinaria minera y tunelera"},"content":{"rendered":"","protected":false},"excerpt":{"rendered":"","protected":false},"author":1,"featured_media":0,"parent":0,"menu_order":0,"comment_status":"closed","ping_status":"closed","template":"page-builder.php","meta":{"_acf_changed":false,"footnotes":""},"class_list":["post-2474","page","type-page","status-publish","hentry"],"acf":[],"yoast_head":"<!-- This site is optimized with the Yoast SEO plugin v25.9 - https:\/\/yoast.com\/wordpress\/plugins\/seo\/ -->\n<title>Venta De Maquinaria Minera y Yunelera | Minostar<\/title>\n<meta name=\"description\" content=\"Venta de maquinaria minera nueva y usada \u27a2 Soluciones fiables para miner\u00eda subterr\u00e1nea \u27a2 Soporte t\u00e9cnico profesional. \u00a1Desc\u00fabrelo!\" \/>\n<meta name=\"robots\" content=\"index, follow, max-snippet:-1, max-image-preview:large, max-video-preview:-1\" \/>\n<link rel=\"canonical\" href=\"https:\/\/minostar.com\/es\/venta-de-maquinaria\/\" \/>\n<meta property=\"og:locale\" content=\"es_ES\" \/>\n<meta property=\"og:type\" content=\"article\" \/>\n<meta property=\"og:title\" content=\"Venta De Maquinaria Minera y Yunelera | Minostar\" \/>\n<meta property=\"og:description\" content=\"Venta de maquinaria minera nueva y usada \u27a2 Soluciones fiables para miner\u00eda subterr\u00e1nea \u27a2 Soporte t\u00e9cnico profesional. \u00a1Desc\u00fabrelo!\" \/>\n<meta property=\"og:url\" content=\"https:\/\/minostar.com\/es\/venta-de-maquinaria\/\" \/>\n<meta property=\"og:site_name\" content=\"Minostar\" \/>\n<meta property=\"article:modified_time\" content=\"2026-04-09T12:04:29+00:00\" \/>\n<meta name=\"twitter:card\" content=\"summary_large_image\" \/>\n<script type=\"application\/ld+json\" class=\"yoast-schema-graph\">{\"@context\":\"https:\/\/schema.org\",\"@graph\":[{\"@type\":\"WebPage\",\"@id\":\"https:\/\/minostar.com\/es\/venta-de-maquinaria\/\",\"url\":\"https:\/\/minostar.com\/es\/venta-de-maquinaria\/\",\"name\":\"Venta De Maquinaria Minera y Yunelera | Minostar\",\"isPartOf\":{\"@id\":\"https:\/\/minostar.com\/es\/#website\"},\"datePublished\":\"2025-03-19T12:13:48+00:00\",\"dateModified\":\"2026-04-09T12:04:29+00:00\",\"description\":\"Venta de maquinaria minera nueva y usada \u27a2 Soluciones fiables para miner\u00eda subterr\u00e1nea \u27a2 Soporte t\u00e9cnico profesional. \u00a1Desc\u00fabrelo!\",\"breadcrumb\":{\"@id\":\"https:\/\/minostar.com\/es\/venta-de-maquinaria\/#breadcrumb\"},\"inLanguage\":\"es\",\"potentialAction\":[{\"@type\":\"ReadAction\",\"target\":[\"https:\/\/minostar.com\/es\/venta-de-maquinaria\/\"]}]},{\"@type\":\"BreadcrumbList\",\"@id\":\"https:\/\/minostar.com\/es\/venta-de-maquinaria\/#breadcrumb\",\"itemListElement\":[{\"@type\":\"ListItem\",\"position\":1,\"name\":\"P\u00e1gina principal\",\"item\":\"https:\/\/minostar.com\/es\/\"},{\"@type\":\"ListItem\",\"position\":2,\"name\":\"Venta de maquinaria minera y tunelera\"}]},{\"@type\":\"WebSite\",\"@id\":\"https:\/\/minostar.com\/es\/#website\",\"url\":\"https:\/\/minostar.com\/es\/\",\"name\":\"Minostar\",\"description\":\"Minostar \u2013 Tw\u00f3j partner w zakresie rozwi\u0105za\u0144 wydobywczych\",\"inLanguage\":\"es\"}]}<\/script>\n<!-- \/ Yoast SEO plugin. -->","yoast_head_json":{"title":"Venta De Maquinaria Minera y Yunelera | Minostar","description":"Venta de maquinaria minera nueva y usada \u27a2 Soluciones fiables para miner\u00eda subterr\u00e1nea \u27a2 Soporte t\u00e9cnico profesional. \u00a1Desc\u00fabrelo!","robots":{"index":"index","follow":"follow","max-snippet":"max-snippet:-1","max-image-preview":"max-image-preview:large","max-video-preview":"max-video-preview:-1"},"canonical":"https:\/\/minostar.com\/es\/venta-de-maquinaria\/","og_locale":"es_ES","og_type":"article","og_title":"Venta De Maquinaria Minera y Yunelera | Minostar","og_description":"Venta de maquinaria minera nueva y usada \u27a2 Soluciones fiables para miner\u00eda subterr\u00e1nea \u27a2 Soporte t\u00e9cnico profesional. \u00a1Desc\u00fabrelo!","og_url":"https:\/\/minostar.com\/es\/venta-de-maquinaria\/","og_site_name":"Minostar","article_modified_time":"2026-04-09T12:04:29+00:00","twitter_card":"summary_large_image","schema":{"@context":"https:\/\/schema.org","@graph":[{"@type":"WebPage","@id":"https:\/\/minostar.com\/es\/venta-de-maquinaria\/","url":"https:\/\/minostar.com\/es\/venta-de-maquinaria\/","name":"Venta De Maquinaria Minera y Yunelera | Minostar","isPartOf":{"@id":"https:\/\/minostar.com\/es\/#website"},"datePublished":"2025-03-19T12:13:48+00:00","dateModified":"2026-04-09T12:04:29+00:00","description":"Venta de maquinaria minera nueva y usada \u27a2 Soluciones fiables para miner\u00eda subterr\u00e1nea \u27a2 Soporte t\u00e9cnico profesional. \u00a1Desc\u00fabrelo!","breadcrumb":{"@id":"https:\/\/minostar.com\/es\/venta-de-maquinaria\/#breadcrumb"},"inLanguage":"es","potentialAction":[{"@type":"ReadAction","target":["https:\/\/minostar.com\/es\/venta-de-maquinaria\/"]}]},{"@type":"BreadcrumbList","@id":"https:\/\/minostar.com\/es\/venta-de-maquinaria\/#breadcrumb","itemListElement":[{"@type":"ListItem","position":1,"name":"P\u00e1gina principal","item":"https:\/\/minostar.com\/es\/"},{"@type":"ListItem","position":2,"name":"Venta de maquinaria minera y tunelera"}]},{"@type":"WebSite","@id":"https:\/\/minostar.com\/es\/#website","url":"https:\/\/minostar.com\/es\/","name":"Minostar","description":"Minostar \u2013 Tw\u00f3j partner w zakresie rozwi\u0105za\u0144 wydobywczych","inLanguage":"es"}]}},"_links":{"self":[{"href":"https:\/\/minostar.com\/es\/wp-json\/wp\/v2\/pages\/2474","targetHints":{"allow":["GET"]}}],"collection":[{"href":"https:\/\/minostar.com\/es\/wp-json\/wp\/v2\/pages"}],"about":[{"href":"https:\/\/minostar.com\/es\/wp-json\/wp\/v2\/types\/page"}],"author":[{"embeddable":true,"href":"https:\/\/minostar.com\/es\/wp-json\/wp\/v2\/users\/1"}],"replies":[{"embeddable":true,"href":"https:\/\/minostar.com\/es\/wp-json\/wp\/v2\/comments?post=2474"}],"version-history":[{"count":9,"href":"https:\/\/minostar.com\/es\/wp-json\/wp\/v2\/pages\/2474\/revisions"}],"predecessor-version":[{"id":4277,"href":"https:\/\/minostar.com\/es\/wp-json\/wp\/v2\/pages\/2474\/revisions\/4277"}],"wp:attachment":[{"href":"https:\/\/minostar.com\/es\/wp-json\/wp\/v2\/media?parent=2474"}],"curies":[{"name":"wp","href":"https:\/\/api.w.org\/{rel}","templated":true}]}}