{"id":3711,"date":"2025-06-18T09:50:20","date_gmt":"2025-06-18T07:50:20","guid":{"rendered":"https:\/\/minostar.com\/maquinas-rozadoras\/mr-520\/"},"modified":"2026-03-17T09:18:02","modified_gmt":"2026-03-17T08:18:02","slug":"mr-520","status":"publish","type":"page","link":"https:\/\/minostar.com\/es\/maquinas-rozadoras\/mr-520\/","title":{"rendered":"MR 520"},"content":{"rendered":"","protected":false},"excerpt":{"rendered":"","protected":false},"author":1,"featured_media":1968,"parent":3062,"menu_order":0,"comment_status":"closed","ping_status":"closed","template":"page-builder.php","meta":{"_acf_changed":false,"footnotes":""},"class_list":["post-3711","page","type-page","status-publish","has-post-thumbnail","hentry"],"acf":[],"yoast_head":"<!-- This site is optimized with the Yoast SEO plugin v25.9 - https:\/\/yoast.com\/wordpress\/plugins\/seo\/ -->\n<title>Rozadora de galer\u00edas MR 520 \u2013 Especificaci\u00f3n y soporte | Minostar<\/title>\n<meta name=\"description\" content=\"La informaci\u00f3n m\u00e1s importante sobre la rozadora de galer\u00edas MR 520 \u27a2 Datos t\u00e9cnicos, descripci\u00f3n detallada y soporte t\u00e9cnico \u27a2 \u00a1Haz clic y lee m\u00e1s!\" \/>\n<meta name=\"robots\" content=\"index, follow, max-snippet:-1, max-image-preview:large, max-video-preview:-1\" \/>\n<link rel=\"canonical\" href=\"https:\/\/minostar.com\/es\/maquinas-rozadoras\/mr-520\/\" \/>\n<meta property=\"og:locale\" content=\"es_ES\" \/>\n<meta property=\"og:type\" content=\"article\" \/>\n<meta property=\"og:title\" content=\"Rozadora de galer\u00edas MR 520 \u2013 Especificaci\u00f3n y soporte | Minostar\" \/>\n<meta property=\"og:description\" content=\"La informaci\u00f3n m\u00e1s importante sobre la rozadora de galer\u00edas MR 520 \u27a2 Datos t\u00e9cnicos, descripci\u00f3n detallada y soporte t\u00e9cnico \u27a2 \u00a1Haz clic y lee m\u00e1s!\" \/>\n<meta property=\"og:url\" content=\"https:\/\/minostar.com\/es\/maquinas-rozadoras\/mr-520\/\" \/>\n<meta property=\"og:site_name\" content=\"Minostar\" \/>\n<meta property=\"article:modified_time\" content=\"2026-03-17T08:18:02+00:00\" \/>\n<meta property=\"og:image\" content=\"https:\/\/minostar.com\/wp-content\/uploads\/2025\/03\/pbsz-2.webp\" \/>\n\t<meta property=\"og:image:width\" content=\"1200\" \/>\n\t<meta property=\"og:image:height\" content=\"800\" \/>\n\t<meta property=\"og:image:type\" content=\"image\/webp\" \/>\n<meta name=\"twitter:card\" content=\"summary_large_image\" \/>\n<meta name=\"twitter:label1\" content=\"Tiempo de lectura\" \/>\n\t<meta name=\"twitter:data1\" content=\"1 minuto\" \/>\n<script type=\"application\/ld+json\" class=\"yoast-schema-graph\">{\"@context\":\"https:\/\/schema.org\",\"@graph\":[{\"@type\":\"WebPage\",\"@id\":\"https:\/\/minostar.com\/es\/maquinas-rozadoras\/mr-520\/\",\"url\":\"https:\/\/minostar.com\/es\/maquinas-rozadoras\/mr-520\/\",\"name\":\"Rozadora de galer\u00edas MR 520 \u2013 Especificaci\u00f3n y soporte | Minostar\",\"isPartOf\":{\"@id\":\"https:\/\/minostar.com\/es\/#website\"},\"primaryImageOfPage\":{\"@id\":\"https:\/\/minostar.com\/es\/maquinas-rozadoras\/mr-520\/#primaryimage\"},\"image\":{\"@id\":\"https:\/\/minostar.com\/es\/maquinas-rozadoras\/mr-520\/#primaryimage\"},\"thumbnailUrl\":\"https:\/\/minostar.com\/wp-content\/uploads\/2025\/03\/pbsz-2.webp\",\"datePublished\":\"2025-06-18T07:50:20+00:00\",\"dateModified\":\"2026-03-17T08:18:02+00:00\",\"description\":\"La informaci\u00f3n m\u00e1s importante sobre la rozadora de galer\u00edas MR 520 \u27a2 Datos t\u00e9cnicos, descripci\u00f3n detallada y soporte t\u00e9cnico \u27a2 \u00a1Haz clic y lee m\u00e1s!\",\"breadcrumb\":{\"@id\":\"https:\/\/minostar.com\/es\/maquinas-rozadoras\/mr-520\/#breadcrumb\"},\"inLanguage\":\"es\",\"potentialAction\":[{\"@type\":\"ReadAction\",\"target\":[\"https:\/\/minostar.com\/es\/maquinas-rozadoras\/mr-520\/\"]}]},{\"@type\":\"ImageObject\",\"inLanguage\":\"es\",\"@id\":\"https:\/\/minostar.com\/es\/maquinas-rozadoras\/mr-520\/#primaryimage\",\"url\":\"https:\/\/minostar.com\/wp-content\/uploads\/2025\/03\/pbsz-2.webp\",\"contentUrl\":\"https:\/\/minostar.com\/wp-content\/uploads\/2025\/03\/pbsz-2.webp\",\"width\":1200,\"height\":800},{\"@type\":\"BreadcrumbList\",\"@id\":\"https:\/\/minostar.com\/es\/maquinas-rozadoras\/mr-520\/#breadcrumb\",\"itemListElement\":[{\"@type\":\"ListItem\",\"position\":1,\"name\":\"P\u00e1gina principal\",\"item\":\"https:\/\/minostar.com\/es\/\"},{\"@type\":\"ListItem\",\"position\":2,\"name\":\"Maquinas rozadoras\",\"item\":\"https:\/\/minostar.com\/es\/maquinas-rozadoras\/\"},{\"@type\":\"ListItem\",\"position\":3,\"name\":\"MR 520\"}]},{\"@type\":\"WebSite\",\"@id\":\"https:\/\/minostar.com\/es\/#website\",\"url\":\"https:\/\/minostar.com\/es\/\",\"name\":\"Minostar\",\"description\":\"Minostar \u2013 Tw\u00f3j partner w zakresie rozwi\u0105za\u0144 wydobywczych\",\"inLanguage\":\"es\"}]}<\/script>\n<!-- \/ Yoast SEO plugin. -->","yoast_head_json":{"title":"Rozadora de galer\u00edas MR 520 \u2013 Especificaci\u00f3n y soporte | Minostar","description":"La informaci\u00f3n m\u00e1s importante sobre la rozadora de galer\u00edas MR 520 \u27a2 Datos t\u00e9cnicos, descripci\u00f3n detallada y soporte t\u00e9cnico \u27a2 \u00a1Haz clic y lee m\u00e1s!","robots":{"index":"index","follow":"follow","max-snippet":"max-snippet:-1","max-image-preview":"max-image-preview:large","max-video-preview":"max-video-preview:-1"},"canonical":"https:\/\/minostar.com\/es\/maquinas-rozadoras\/mr-520\/","og_locale":"es_ES","og_type":"article","og_title":"Rozadora de galer\u00edas MR 520 \u2013 Especificaci\u00f3n y soporte | Minostar","og_description":"La informaci\u00f3n m\u00e1s importante sobre la rozadora de galer\u00edas MR 520 \u27a2 Datos t\u00e9cnicos, descripci\u00f3n detallada y soporte t\u00e9cnico \u27a2 \u00a1Haz clic y lee m\u00e1s!","og_url":"https:\/\/minostar.com\/es\/maquinas-rozadoras\/mr-520\/","og_site_name":"Minostar","article_modified_time":"2026-03-17T08:18:02+00:00","og_image":[{"width":1200,"height":800,"url":"https:\/\/minostar.com\/wp-content\/uploads\/2025\/03\/pbsz-2.webp","type":"image\/webp"}],"twitter_card":"summary_large_image","twitter_misc":{"Tiempo de lectura":"1 minuto"},"schema":{"@context":"https:\/\/schema.org","@graph":[{"@type":"WebPage","@id":"https:\/\/minostar.com\/es\/maquinas-rozadoras\/mr-520\/","url":"https:\/\/minostar.com\/es\/maquinas-rozadoras\/mr-520\/","name":"Rozadora de galer\u00edas MR 520 \u2013 Especificaci\u00f3n y soporte | Minostar","isPartOf":{"@id":"https:\/\/minostar.com\/es\/#website"},"primaryImageOfPage":{"@id":"https:\/\/minostar.com\/es\/maquinas-rozadoras\/mr-520\/#primaryimage"},"image":{"@id":"https:\/\/minostar.com\/es\/maquinas-rozadoras\/mr-520\/#primaryimage"},"thumbnailUrl":"https:\/\/minostar.com\/wp-content\/uploads\/2025\/03\/pbsz-2.webp","datePublished":"2025-06-18T07:50:20+00:00","dateModified":"2026-03-17T08:18:02+00:00","description":"La informaci\u00f3n m\u00e1s importante sobre la rozadora de galer\u00edas MR 520 \u27a2 Datos t\u00e9cnicos, descripci\u00f3n detallada y soporte t\u00e9cnico \u27a2 \u00a1Haz clic y lee m\u00e1s!","breadcrumb":{"@id":"https:\/\/minostar.com\/es\/maquinas-rozadoras\/mr-520\/#breadcrumb"},"inLanguage":"es","potentialAction":[{"@type":"ReadAction","target":["https:\/\/minostar.com\/es\/maquinas-rozadoras\/mr-520\/"]}]},{"@type":"ImageObject","inLanguage":"es","@id":"https:\/\/minostar.com\/es\/maquinas-rozadoras\/mr-520\/#primaryimage","url":"https:\/\/minostar.com\/wp-content\/uploads\/2025\/03\/pbsz-2.webp","contentUrl":"https:\/\/minostar.com\/wp-content\/uploads\/2025\/03\/pbsz-2.webp","width":1200,"height":800},{"@type":"BreadcrumbList","@id":"https:\/\/minostar.com\/es\/maquinas-rozadoras\/mr-520\/#breadcrumb","itemListElement":[{"@type":"ListItem","position":1,"name":"P\u00e1gina principal","item":"https:\/\/minostar.com\/es\/"},{"@type":"ListItem","position":2,"name":"Maquinas rozadoras","item":"https:\/\/minostar.com\/es\/maquinas-rozadoras\/"},{"@type":"ListItem","position":3,"name":"MR 520"}]},{"@type":"WebSite","@id":"https:\/\/minostar.com\/es\/#website","url":"https:\/\/minostar.com\/es\/","name":"Minostar","description":"Minostar \u2013 Tw\u00f3j partner w zakresie rozwi\u0105za\u0144 wydobywczych","inLanguage":"es"}]}},"_links":{"self":[{"href":"https:\/\/minostar.com\/es\/wp-json\/wp\/v2\/pages\/3711","targetHints":{"allow":["GET"]}}],"collection":[{"href":"https:\/\/minostar.com\/es\/wp-json\/wp\/v2\/pages"}],"about":[{"href":"https:\/\/minostar.com\/es\/wp-json\/wp\/v2\/types\/page"}],"author":[{"embeddable":true,"href":"https:\/\/minostar.com\/es\/wp-json\/wp\/v2\/users\/1"}],"replies":[{"embeddable":true,"href":"https:\/\/minostar.com\/es\/wp-json\/wp\/v2\/comments?post=3711"}],"version-history":[{"count":12,"href":"https:\/\/minostar.com\/es\/wp-json\/wp\/v2\/pages\/3711\/revisions"}],"predecessor-version":[{"id":4249,"href":"https:\/\/minostar.com\/es\/wp-json\/wp\/v2\/pages\/3711\/revisions\/4249"}],"up":[{"embeddable":true,"href":"https:\/\/minostar.com\/es\/wp-json\/wp\/v2\/pages\/3062"}],"wp:featuredmedia":[{"embeddable":true,"href":"https:\/\/minostar.com\/es\/wp-json\/wp\/v2\/media\/1968"}],"wp:attachment":[{"href":"https:\/\/minostar.com\/es\/wp-json\/wp\/v2\/media?parent=3711"}],"curies":[{"name":"wp","href":"https:\/\/api.w.org\/{rel}","templated":true}]}}