{"id":3718,"date":"2025-06-18T09:19:10","date_gmt":"2025-06-18T07:19:10","guid":{"rendered":"https:\/\/minostar.com\/maquinas-rozadoras\/mt-620\/"},"modified":"2026-03-17T08:57:30","modified_gmt":"2026-03-17T07:57:30","slug":"mt-620","status":"publish","type":"page","link":"https:\/\/minostar.com\/es\/maquinas-rozadoras\/mt-620\/","title":{"rendered":"MT 620"},"content":{"rendered":"","protected":false},"excerpt":{"rendered":"","protected":false},"author":1,"featured_media":1965,"parent":3062,"menu_order":0,"comment_status":"closed","ping_status":"closed","template":"page-builder.php","meta":{"_acf_changed":false,"footnotes":""},"class_list":["post-3718","page","type-page","status-publish","has-post-thumbnail","hentry"],"acf":[],"yoast_head":"<!-- This site is optimized with the Yoast SEO plugin v25.9 - https:\/\/yoast.com\/wordpress\/plugins\/seo\/ -->\n<title>Rozadora de galer\u00edas MT 620 \u2013 Especificaci\u00f3n y soporte | Minostar<\/title>\n<meta name=\"description\" content=\"Rzetelne informacje o kombajnie chodnikowym MT 620 \u27a2 Dane techniczne, szczeg\u00f3\u0142owy opis i wparcie techniczne \u27a2 Kliknij i przeczytaj!\" \/>\n<meta name=\"robots\" content=\"index, follow, max-snippet:-1, max-image-preview:large, max-video-preview:-1\" \/>\n<link rel=\"canonical\" href=\"https:\/\/minostar.com\/es\/maquinas-rozadoras\/mt-620\/\" \/>\n<meta property=\"og:locale\" content=\"es_ES\" \/>\n<meta property=\"og:type\" content=\"article\" \/>\n<meta property=\"og:title\" content=\"Rozadora de galer\u00edas MT 620 \u2013 Especificaci\u00f3n y soporte | Minostar\" \/>\n<meta property=\"og:description\" content=\"Rzetelne informacje o kombajnie chodnikowym MT 620 \u27a2 Dane techniczne, szczeg\u00f3\u0142owy opis i wparcie techniczne \u27a2 Kliknij i przeczytaj!\" \/>\n<meta property=\"og:url\" content=\"https:\/\/minostar.com\/es\/maquinas-rozadoras\/mt-620\/\" \/>\n<meta property=\"og:site_name\" content=\"Minostar\" \/>\n<meta property=\"article:modified_time\" content=\"2026-03-17T07:57:30+00:00\" \/>\n<meta property=\"og:image\" content=\"https:\/\/minostar.com\/wp-content\/uploads\/2025\/03\/pbsz-1.webp\" \/>\n\t<meta property=\"og:image:width\" content=\"1200\" \/>\n\t<meta property=\"og:image:height\" content=\"800\" \/>\n\t<meta property=\"og:image:type\" content=\"image\/webp\" \/>\n<meta name=\"twitter:card\" content=\"summary_large_image\" \/>\n<meta name=\"twitter:label1\" content=\"Tiempo de lectura\" \/>\n\t<meta name=\"twitter:data1\" content=\"1 minuto\" \/>\n<script type=\"application\/ld+json\" class=\"yoast-schema-graph\">{\"@context\":\"https:\/\/schema.org\",\"@graph\":[{\"@type\":\"WebPage\",\"@id\":\"https:\/\/minostar.com\/es\/maquinas-rozadoras\/mt-620\/\",\"url\":\"https:\/\/minostar.com\/es\/maquinas-rozadoras\/mt-620\/\",\"name\":\"Rozadora de galer\u00edas MT 620 \u2013 Especificaci\u00f3n y soporte | Minostar\",\"isPartOf\":{\"@id\":\"https:\/\/minostar.com\/es\/#website\"},\"primaryImageOfPage\":{\"@id\":\"https:\/\/minostar.com\/es\/maquinas-rozadoras\/mt-620\/#primaryimage\"},\"image\":{\"@id\":\"https:\/\/minostar.com\/es\/maquinas-rozadoras\/mt-620\/#primaryimage\"},\"thumbnailUrl\":\"https:\/\/minostar.com\/wp-content\/uploads\/2025\/03\/pbsz-1.webp\",\"datePublished\":\"2025-06-18T07:19:10+00:00\",\"dateModified\":\"2026-03-17T07:57:30+00:00\",\"description\":\"Rzetelne informacje o kombajnie chodnikowym MT 620 \u27a2 Dane techniczne, szczeg\u00f3\u0142owy opis i wparcie techniczne \u27a2 Kliknij i przeczytaj!\",\"breadcrumb\":{\"@id\":\"https:\/\/minostar.com\/es\/maquinas-rozadoras\/mt-620\/#breadcrumb\"},\"inLanguage\":\"es\",\"potentialAction\":[{\"@type\":\"ReadAction\",\"target\":[\"https:\/\/minostar.com\/es\/maquinas-rozadoras\/mt-620\/\"]}]},{\"@type\":\"ImageObject\",\"inLanguage\":\"es\",\"@id\":\"https:\/\/minostar.com\/es\/maquinas-rozadoras\/mt-620\/#primaryimage\",\"url\":\"https:\/\/minostar.com\/wp-content\/uploads\/2025\/03\/pbsz-1.webp\",\"contentUrl\":\"https:\/\/minostar.com\/wp-content\/uploads\/2025\/03\/pbsz-1.webp\",\"width\":1200,\"height\":800,\"caption\":\"remont kombajnu chodnikowego AM75-Ex-S\"},{\"@type\":\"BreadcrumbList\",\"@id\":\"https:\/\/minostar.com\/es\/maquinas-rozadoras\/mt-620\/#breadcrumb\",\"itemListElement\":[{\"@type\":\"ListItem\",\"position\":1,\"name\":\"P\u00e1gina principal\",\"item\":\"https:\/\/minostar.com\/es\/\"},{\"@type\":\"ListItem\",\"position\":2,\"name\":\"Maquinas rozadoras\",\"item\":\"https:\/\/minostar.com\/es\/maquinas-rozadoras\/\"},{\"@type\":\"ListItem\",\"position\":3,\"name\":\"MT 620\"}]},{\"@type\":\"WebSite\",\"@id\":\"https:\/\/minostar.com\/es\/#website\",\"url\":\"https:\/\/minostar.com\/es\/\",\"name\":\"Minostar\",\"description\":\"Minostar \u2013 Tw\u00f3j partner w zakresie rozwi\u0105za\u0144 wydobywczych\",\"inLanguage\":\"es\"}]}<\/script>\n<!-- \/ Yoast SEO plugin. -->","yoast_head_json":{"title":"Rozadora de galer\u00edas MT 620 \u2013 Especificaci\u00f3n y soporte | Minostar","description":"Rzetelne informacje o kombajnie chodnikowym MT 620 \u27a2 Dane techniczne, szczeg\u00f3\u0142owy opis i wparcie techniczne \u27a2 Kliknij i przeczytaj!","robots":{"index":"index","follow":"follow","max-snippet":"max-snippet:-1","max-image-preview":"max-image-preview:large","max-video-preview":"max-video-preview:-1"},"canonical":"https:\/\/minostar.com\/es\/maquinas-rozadoras\/mt-620\/","og_locale":"es_ES","og_type":"article","og_title":"Rozadora de galer\u00edas MT 620 \u2013 Especificaci\u00f3n y soporte | Minostar","og_description":"Rzetelne informacje o kombajnie chodnikowym MT 620 \u27a2 Dane techniczne, szczeg\u00f3\u0142owy opis i wparcie techniczne \u27a2 Kliknij i przeczytaj!","og_url":"https:\/\/minostar.com\/es\/maquinas-rozadoras\/mt-620\/","og_site_name":"Minostar","article_modified_time":"2026-03-17T07:57:30+00:00","og_image":[{"width":1200,"height":800,"url":"https:\/\/minostar.com\/wp-content\/uploads\/2025\/03\/pbsz-1.webp","type":"image\/webp"}],"twitter_card":"summary_large_image","twitter_misc":{"Tiempo de lectura":"1 minuto"},"schema":{"@context":"https:\/\/schema.org","@graph":[{"@type":"WebPage","@id":"https:\/\/minostar.com\/es\/maquinas-rozadoras\/mt-620\/","url":"https:\/\/minostar.com\/es\/maquinas-rozadoras\/mt-620\/","name":"Rozadora de galer\u00edas MT 620 \u2013 Especificaci\u00f3n y soporte | Minostar","isPartOf":{"@id":"https:\/\/minostar.com\/es\/#website"},"primaryImageOfPage":{"@id":"https:\/\/minostar.com\/es\/maquinas-rozadoras\/mt-620\/#primaryimage"},"image":{"@id":"https:\/\/minostar.com\/es\/maquinas-rozadoras\/mt-620\/#primaryimage"},"thumbnailUrl":"https:\/\/minostar.com\/wp-content\/uploads\/2025\/03\/pbsz-1.webp","datePublished":"2025-06-18T07:19:10+00:00","dateModified":"2026-03-17T07:57:30+00:00","description":"Rzetelne informacje o kombajnie chodnikowym MT 620 \u27a2 Dane techniczne, szczeg\u00f3\u0142owy opis i wparcie techniczne \u27a2 Kliknij i przeczytaj!","breadcrumb":{"@id":"https:\/\/minostar.com\/es\/maquinas-rozadoras\/mt-620\/#breadcrumb"},"inLanguage":"es","potentialAction":[{"@type":"ReadAction","target":["https:\/\/minostar.com\/es\/maquinas-rozadoras\/mt-620\/"]}]},{"@type":"ImageObject","inLanguage":"es","@id":"https:\/\/minostar.com\/es\/maquinas-rozadoras\/mt-620\/#primaryimage","url":"https:\/\/minostar.com\/wp-content\/uploads\/2025\/03\/pbsz-1.webp","contentUrl":"https:\/\/minostar.com\/wp-content\/uploads\/2025\/03\/pbsz-1.webp","width":1200,"height":800,"caption":"remont kombajnu chodnikowego AM75-Ex-S"},{"@type":"BreadcrumbList","@id":"https:\/\/minostar.com\/es\/maquinas-rozadoras\/mt-620\/#breadcrumb","itemListElement":[{"@type":"ListItem","position":1,"name":"P\u00e1gina principal","item":"https:\/\/minostar.com\/es\/"},{"@type":"ListItem","position":2,"name":"Maquinas rozadoras","item":"https:\/\/minostar.com\/es\/maquinas-rozadoras\/"},{"@type":"ListItem","position":3,"name":"MT 620"}]},{"@type":"WebSite","@id":"https:\/\/minostar.com\/es\/#website","url":"https:\/\/minostar.com\/es\/","name":"Minostar","description":"Minostar \u2013 Tw\u00f3j partner w zakresie rozwi\u0105za\u0144 wydobywczych","inLanguage":"es"}]}},"_links":{"self":[{"href":"https:\/\/minostar.com\/es\/wp-json\/wp\/v2\/pages\/3718","targetHints":{"allow":["GET"]}}],"collection":[{"href":"https:\/\/minostar.com\/es\/wp-json\/wp\/v2\/pages"}],"about":[{"href":"https:\/\/minostar.com\/es\/wp-json\/wp\/v2\/types\/page"}],"author":[{"embeddable":true,"href":"https:\/\/minostar.com\/es\/wp-json\/wp\/v2\/users\/1"}],"replies":[{"embeddable":true,"href":"https:\/\/minostar.com\/es\/wp-json\/wp\/v2\/comments?post=3718"}],"version-history":[{"count":6,"href":"https:\/\/minostar.com\/es\/wp-json\/wp\/v2\/pages\/3718\/revisions"}],"predecessor-version":[{"id":4243,"href":"https:\/\/minostar.com\/es\/wp-json\/wp\/v2\/pages\/3718\/revisions\/4243"}],"up":[{"embeddable":true,"href":"https:\/\/minostar.com\/es\/wp-json\/wp\/v2\/pages\/3062"}],"wp:featuredmedia":[{"embeddable":true,"href":"https:\/\/minostar.com\/es\/wp-json\/wp\/v2\/media\/1965"}],"wp:attachment":[{"href":"https:\/\/minostar.com\/es\/wp-json\/wp\/v2\/media?parent=3718"}],"curies":[{"name":"wp","href":"https:\/\/api.w.org\/{rel}","templated":true}]}}